{"id":8646,"date":"2019-09-06T17:10:52","date_gmt":"2019-09-06T10:10:52","guid":{"rendered":"https:\/\/punchitgym.com\/buchungsbedingungen\/"},"modified":"2025-06-28T08:52:30","modified_gmt":"2025-06-28T01:52:30","slug":"buchungsbedingungen","status":"publish","type":"page","link":"https:\/\/punchitgym.com\/de\/buchungsbedingungen\/","title":{"rendered":"Buchungsbedingungen"},"content":{"rendered":"<section class=\"l-section wpb_row us_custom_4af741be height_auto width_full\"><div class=\"l-section-h i-cf\"><div class=\"g-cols vc_row via_flex valign_top type_default stacking_default\"><div class=\"vc_col-sm-12 wpb_column vc_column_container\"><div class=\"vc_column-inner\"><div class=\"wpb_wrapper\"><div class=\"wpb_text_column us_custom_4af741be\"><div class=\"wpb_wrapper\"><p><img loading=\"lazy\" decoding=\"async\" class=\"aligncenter wp-image-30176 size-full\" title=\"Buchungsbedingunen bei Muay thai Gym Punchit\" src=\"https:\/\/punchitgym.com\/wp-content\/uploads\/2023\/12\/Booking-Conditions-Header-2023.jpg\" alt=\"Buchungsbedingunen bei Muay thai Gym Punchit\" width=\"1920\" height=\"400\" srcset=\"https:\/\/punchitgym.com\/wp-content\/uploads\/2023\/12\/Booking-Conditions-Header-2023.jpg 1920w, https:\/\/punchitgym.com\/wp-content\/uploads\/2023\/12\/Booking-Conditions-Header-2023-300x63.jpg 300w, https:\/\/punchitgym.com\/wp-content\/uploads\/2023\/12\/Booking-Conditions-Header-2023-1024x213.jpg 1024w, https:\/\/punchitgym.com\/wp-content\/uploads\/2023\/12\/Booking-Conditions-Header-2023-550x115.jpg 550w\" sizes=\"auto, (max-width: 1920px) 100vw, 1920px\" \/><\/p>\n<\/div><\/div><\/div><\/div><\/div><\/div><\/div><\/section><section class=\"l-section wpb_row height_medium\"><div class=\"l-section-h i-cf\"><div class=\"g-cols vc_row via_flex valign_top type_default stacking_default\"><div class=\"vc_col-sm-12 wpb_column vc_column_container\"><div class=\"vc_column-inner\"><div class=\"wpb_wrapper\"><h1 class=\"w-post-elm post_title entry-title color_link_inherit\">Buchungsbedingungen<\/h1><div class=\"w-separator size_small\"><\/div><div class=\"wpb_text_column\"><div class=\"wpb_wrapper\"><p>Ihre Buchungsanfrage ist unverbindlich und wird von uns innerhalb von 24 Stunden best\u00e4tigt. Nach Erhalt unserer Best\u00e4tigung ist eine Vorauszahlung von 100% des gesamten Buchungsbetrags innerhalb von 5 Tagen erforderlich, um die Reservierung zu sichern. Die Buchung ist erst nach Eingang der Zahlung g\u00fcltig. Wird die Zahlung nicht innerhalb dieses Zeitraums geleistet, wird die Reservierung storniert. Aufgrund der hohen Nachfrage k\u00f6nnen wir Zimmer ohne Zahlung nicht f\u00fcr l\u00e4ngere Zeit freihalten. Bitte buchen Sie daher erst, wenn Ihre Reisepl\u00e4ne feststehen und Ihre Fl\u00fcge gebucht sind. Sie k\u00f6nnen auch im Voraus \u00fcber <a href=\"mailto:booking@punchitgym.com\">booking@punchitgym.com<\/a> die Verf\u00fcgbarkeit f\u00fcr Ihren gew\u00fcnschten Zeitraum anfragen.<\/p>\n<p>Wenn Sie <strong>Ihre Buchung stornieren m\u00fcssen<\/strong>, k\u00f6nnen Sie dies bis zu 30 Tage vor Ihrem geplanten Ankunftsdatum tun. In diesem Fall erstatten wir 80% des gezahlten Betrags zur\u00fcck oder stellen eine Gutschrift \u00fcber 100% aus, die innerhalb von zwei Jahren eingel\u00f6st werden kann. Nicht in Anspruch genommene Trainingseinheiten sind nicht erstattungsf\u00e4hig. Nach Check-in werden keine R\u00fcckerstattungen f\u00fcr Umbuchungen oder vorzeitige Abreisen gew\u00e4hrt. Falls Sie jedoch offizielle Unterlagen vorlegen, die eine vorzeitige Abreise best\u00e4tigen, erhalten Sie eine Gutschrift f\u00fcr die verbleibenden Trainingseinheiten und eventuell vorausbezahlte Essensgutscheine, die innerhalb von zwei Jahren eingel\u00f6st werden k\u00f6nnen.<\/p>\n<p>Im Falle von unvorhersehbaren Umst\u00e4nden wie Pandemien, wetterbedingten Stornierungen (z. B. \u00dcberschwemmungen, St\u00fcrme, Br\u00e4nde), Flugannullierungen oder kriegsbedingten Vorf\u00e4llen k\u00f6nnen wir keine R\u00fcckerstattung anbieten. Der vollst\u00e4ndig gezahlte Betrag steht jedoch als Gutschrift f\u00fcr zuk\u00fcnftige Buchungen zur Verf\u00fcgung.<\/p>\n<p>Unser Camp ist das ganze Jahr \u00fcber ge\u00f6ffnet, ausgenommen am Morgen des 1. Januar sowie am 13. und 14. April (Songkran-Festival), wenn sowohl das Muay Thai, Fitness als auch das Restaurant geschlossen sind.<\/p>\n<p>Vor Ihrem Aufenthalt laden Sie bitte die <strong>Punch it App<\/strong> herunter (Link in der Buchungsbest\u00e4tigung oder \u00fcber Google Play Store \/ Apple App Store), um Zugang zu unseren Einrichtungen zu erhalten. Trainingseinheiten m\u00fcssen aufgrund begrenzter Verf\u00fcgbarkeit immer im Voraus gebucht werden. Ohne vorherige Reservierung kann die Teilnahme an Kursen nicht garantiert werden. Sollten die Klassen f\u00fcr mehrere Tage vollst\u00e4ndig ausgebucht sein, k\u00f6nnen wir keine R\u00fcckerstattungen anbieten, werden jedoch alles daransetzen, eine individuelle L\u00f6sung zu finden. Bitte beachten Sie auch, dass Sie w\u00e4hrend Ihres Aufenthalts ein Portr\u00e4tfoto in der App hochladen m\u00fcssen, um die einfache Identifikation der gebuchten Teilnehmer vor Ort zu erleichtern.<\/p>\n<p><strong>Vorgebuchte Mahlzeitenpakete<\/strong> k\u00f6nnen im Punch it Healthy Cafe eingel\u00f6st werden. Der Preis betr\u00e4gt 600 Baht pro Tag, f\u00fcr den Sie t\u00e4glich einen Gutschrift von 660 Baht f\u00fcr Speisen und Getr\u00e4nke erhalten. Gutschriften k\u00f6nnen t\u00e4glich angesammelt werden und m\u00fcssen nicht jeden Tag vollst\u00e4ndig genutzt werden. Inhaber der Goldenen Mitgliedschaft erhalten zus\u00e4tzlich 10% Rabatt auf Speisen und Getr\u00e4nke. Jedes verbleibende Guthaben am Ende Ihres Aufenthalts kann bei Ihrem n\u00e4chsten Besuch verwendet oder alternativ f\u00fcr Produkte im Punch it Muay Thai Shop eingel\u00f6st werden. Verbleibende Guthaben k\u00f6nnen nicht in bar erstattet werden.<\/p>\n<p>Bitte beachten Sie, dass wir keine <strong>Haftung f\u00fcr Unf\u00e4lle oder Verletzungen<\/strong> \u00fcbernehmen. Teilnehmer sind daf\u00fcr verantwortlich, eine ausreichende Versicherungsdeckung zu organisieren. Wir empfehlen dringend, bei Ihrem Versicherungsanbieter zu \u00fcberpr\u00fcfen, ob Ihre Police international g\u00fcltig ist und Sie speziell in Thailand abdeckt.<\/p>\n<p>Wenn Sie ein Motorrad mieten m\u00f6chten, ist ein internationaler F\u00fchrerschein (Kategorie 1926) erforderlich. Die Nutzung von Motorr\u00e4dern erfolgt auf eigenes Risiko. Punch it Gym haftet nicht f\u00fcr Unf\u00e4lle oder Sch\u00e4den. Jegliche Sch\u00e4den m\u00fcssen vom Mieter bei R\u00fcckgabe des Motorrads vollst\u00e4ndig bezahlt werden.<\/p>\n<p>W\u00e4hrend Ihres Aufenthalts k\u00f6nnen zu Werbezwecken Fotos und Videos aufgenommen werden. Wenn Sie nicht m\u00f6chten, dass Ihre Bilder oder Videos ver\u00f6ffentlicht werden, informieren Sie uns bitte im Voraus und teilen Sie dies unserem Personal vor Ort mit.<\/p>\n<p>F\u00fcr einfache und kosteng\u00fcnstige internationale Geld\u00fcberweisungen mit g\u00fcnstigen Wechselkursen empfehlen wir die Nutzung von <a href=\"https:\/\/wise.com\/\" target=\"_blank\" rel=\"noopener\">www.wise.com<\/a>. Wenn Sie unsere E-Mail-Adresse <a href=\"mailto:info@punchitgym.com\">info@punchitgym.com<\/a> eingeben, werden automatisch alle notwendigen Bankdaten bereitgestellt. Ihre erste \u00dcberweisung \u00fcber diesen Link ist geb\u00fchrenfrei.<\/p>\n<p>Die Vorauszahlung muss auf eines der folgenden Konten \u00fcberwiesen und dann per E-Mail an <a href=\"mailto:booking@punchitgym.com\">booking@punchitgym.com<\/a> best\u00e4tigt werden:<\/p>\n<p><strong>F\u00fcr internationale Geld\u00fcberweisungen in Euro:<\/strong><\/p>\n<p><em>Bitte \u00fcberweisen Sie ausschliesslich in Euro auf das folgende Konto (\u00dcberweisungen in Thai Baht werden von der Bank abgelehnt und zur\u00fcckgesendet):<\/em><\/p>\n<p><strong>Kontoinhaber<\/strong>: Punch it Co., LTD.<br \/>\n<strong>IBAN<\/strong>: BE76 9673 8188 2595<br \/>\n<strong>BIC\/SWIFT-Code<\/strong>: TRWIBEB1XXX<\/p>\n<p><strong>Adresse (Bank):<\/strong><\/p>\n<p>Wise, Rue du Trone 100, 3. Etage, Br\u00fcssel, 1050, Belgien<\/p>\n<p><strong>F\u00fcr \u00dcberweisungen in Thai Baht:<\/strong><\/p>\n<p><strong>Kontoinhaber<\/strong>: Punch it Co., LTD.<br \/>\n<strong>Bank<\/strong>: Kasikornbank<br \/>\n<strong>Kontonummer<\/strong>: 1128507805<br \/>\n<strong>SWIFT-Code<\/strong>: KASITHBK<br \/>\n<strong>Zweigstelle<\/strong>: Chaweng Koh Samui Branch<br \/>\n<strong>Standort<\/strong>: Koh Samui, Surat Thani, Thailand 84320<\/p>\n<p>Bitte beachten Sie, dass internationale Bank\u00fcberweisungen oft ung\u00fcnstige Wechselkurse und hohe Geb\u00fchren mit sich bringen.<\/p>\n<p>Von Ihrer Bank oder Banken in Thailand erhobene Transaktionsgeb\u00fchren werden von uns nicht \u00fcbernommen. Solche Kosten k\u00f6nnen in Ihrer Schlussrechnung bei Ankunft enthalten sein.<\/p>\n<p>Sollten Sie Fragen haben oder eine Kl\u00e4rung ben\u00f6tigen, kontaktieren Sie uns bitte unter <strong>booking@punchitgym.com<\/strong>.<\/p>\n<\/div><\/div><\/div><\/div><\/div><\/div><\/div><\/section>\n","protected":false},"excerpt":{"rendered":"BuchungsbedingungenIhre Buchungsanfrage ist unverbindlich und wird von uns innerhalb von 24 Stunden best\u00e4tigt. Nach Erhalt unserer Best\u00e4tigung ist eine Vorauszahlung von 100% des gesamten Buchungsbetrags innerhalb von 5 Tagen erforderlich, um die Reservierung zu sichern. Die Buchung ist erst nach Eingang der Zahlung g\u00fcltig. Wird die Zahlung nicht innerhalb dieses Zeitraums geleistet, wird die Reservierung...","protected":false},"author":6,"featured_media":0,"parent":0,"menu_order":0,"comment_status":"closed","ping_status":"closed","template":"","meta":{"_acf_changed":false,"footnotes":""},"class_list":["post-8646","page","type-page","status-publish","hentry"],"acf":[],"yoast_head":"<!-- This site is optimized with the Yoast SEO plugin v27.2 - https:\/\/yoast.com\/product\/yoast-seo-wordpress\/ -->\n<title>Buchungsbedingungen - Punch it Muay Thai Gym Koh Samui<\/title>\n<meta name=\"description\" content=\"Erfahre alles \u00fcber die Buchungsbedingungen im Punch It Gym Koh Samui. Pr\u00fcfe wichtige Details und Richtlinien vor deiner Reservierung!\" \/>\n<meta name=\"robots\" content=\"index, follow, max-snippet:-1, max-image-preview:large, max-video-preview:-1\" \/>\n<link rel=\"canonical\" href=\"https:\/\/punchitgym.com\/de\/buchungsbedingungen\/\" \/>\n<meta property=\"og:locale\" content=\"de_DE\" \/>\n<meta property=\"og:type\" content=\"article\" \/>\n<meta property=\"og:title\" content=\"Buchungsbedingungen - Punch it Muay Thai Gym Koh Samui\" \/>\n<meta property=\"og:description\" content=\"Erfahre alles \u00fcber die Buchungsbedingungen im Punch It Gym Koh Samui. Pr\u00fcfe wichtige Details und Richtlinien vor deiner Reservierung!\" \/>\n<meta property=\"og:url\" content=\"https:\/\/punchitgym.com\/de\/buchungsbedingungen\/\" \/>\n<meta property=\"og:site_name\" content=\"Punch it Muay Thai Gym Koh Samui\" \/>\n<meta property=\"article:publisher\" content=\"https:\/\/www.facebook.com\/punchitgym\/\" \/>\n<meta property=\"article:modified_time\" content=\"2025-06-28T01:52:30+00:00\" \/>\n<meta property=\"og:image\" content=\"https:\/\/punchitgym.com\/wp-content\/uploads\/2023\/12\/Booking-Conditions-Header-2023.jpg\" \/>\n\t<meta property=\"og:image:width\" content=\"1920\" \/>\n\t<meta property=\"og:image:height\" content=\"400\" \/>\n\t<meta property=\"og:image:type\" content=\"image\/jpeg\" \/>\n<meta name=\"twitter:card\" content=\"summary_large_image\" \/>\n<meta name=\"twitter:site\" content=\"@punchitgym\" \/>\n<meta name=\"twitter:label1\" content=\"Gesch\u00e4tzte Lesezeit\" \/>\n\t<meta name=\"twitter:data1\" content=\"4\u00a0Minuten\" \/>\n<script type=\"application\/ld+json\" class=\"yoast-schema-graph\">{\"@context\":\"https:\/\/schema.org\",\"@graph\":[{\"@type\":\"WebPage\",\"@id\":\"https:\/\/punchitgym.com\/de\/buchungsbedingungen\/\",\"url\":\"https:\/\/punchitgym.com\/de\/buchungsbedingungen\/\",\"name\":\"Buchungsbedingungen - Punch it Muay Thai Gym Koh Samui\",\"isPartOf\":{\"@id\":\"https:\/\/punchitgym.com\/de\/#website\"},\"primaryImageOfPage\":{\"@id\":\"https:\/\/punchitgym.com\/de\/buchungsbedingungen\/#primaryimage\"},\"image\":{\"@id\":\"https:\/\/punchitgym.com\/de\/buchungsbedingungen\/#primaryimage\"},\"thumbnailUrl\":\"https:\/\/punchitgym.com\/wp-content\/uploads\/2023\/12\/Booking-Conditions-Header-2023.jpg\",\"datePublished\":\"2019-09-06T10:10:52+00:00\",\"dateModified\":\"2025-06-28T01:52:30+00:00\",\"description\":\"Erfahre alles \u00fcber die Buchungsbedingungen im Punch It Gym Koh Samui. Pr\u00fcfe wichtige Details und Richtlinien vor deiner Reservierung!\",\"breadcrumb\":{\"@id\":\"https:\/\/punchitgym.com\/de\/buchungsbedingungen\/#breadcrumb\"},\"inLanguage\":\"de\",\"potentialAction\":[{\"@type\":\"ReadAction\",\"target\":[\"https:\/\/punchitgym.com\/de\/buchungsbedingungen\/\"]}]},{\"@type\":\"ImageObject\",\"inLanguage\":\"de\",\"@id\":\"https:\/\/punchitgym.com\/de\/buchungsbedingungen\/#primaryimage\",\"url\":\"https:\/\/punchitgym.com\/wp-content\/uploads\/2023\/12\/Booking-Conditions-Header-2023.jpg\",\"contentUrl\":\"https:\/\/punchitgym.com\/wp-content\/uploads\/2023\/12\/Booking-Conditions-Header-2023.jpg\"},{\"@type\":\"BreadcrumbList\",\"@id\":\"https:\/\/punchitgym.com\/de\/buchungsbedingungen\/#breadcrumb\",\"itemListElement\":[{\"@type\":\"ListItem\",\"position\":1,\"name\":\"Home\",\"item\":\"https:\/\/punchitgym.com\/de\/startseite\/\"},{\"@type\":\"ListItem\",\"position\":2,\"name\":\"Buchungsbedingungen\"}]},{\"@type\":\"WebSite\",\"@id\":\"https:\/\/punchitgym.com\/de\/#website\",\"url\":\"https:\/\/punchitgym.com\/de\/\",\"name\":\"Punch it Muay Thai Gym Koh Samui\",\"description\":\"Muay Thai Camp Thailand - Koh Samui - Lamai\",\"potentialAction\":[{\"@type\":\"SearchAction\",\"target\":{\"@type\":\"EntryPoint\",\"urlTemplate\":\"https:\/\/punchitgym.com\/de\/?s={search_term_string}\"},\"query-input\":{\"@type\":\"PropertyValueSpecification\",\"valueRequired\":true,\"valueName\":\"search_term_string\"}}],\"inLanguage\":\"de\"}]}<\/script>\n<!-- \/ Yoast SEO plugin. -->","yoast_head_json":{"title":"Buchungsbedingungen - Punch it Muay Thai Gym Koh Samui","description":"Erfahre alles \u00fcber die Buchungsbedingungen im Punch It Gym Koh Samui. Pr\u00fcfe wichtige Details und Richtlinien vor deiner Reservierung!","robots":{"index":"index","follow":"follow","max-snippet":"max-snippet:-1","max-image-preview":"max-image-preview:large","max-video-preview":"max-video-preview:-1"},"canonical":"https:\/\/punchitgym.com\/de\/buchungsbedingungen\/","og_locale":"de_DE","og_type":"article","og_title":"Buchungsbedingungen - Punch it Muay Thai Gym Koh Samui","og_description":"Erfahre alles \u00fcber die Buchungsbedingungen im Punch It Gym Koh Samui. Pr\u00fcfe wichtige Details und Richtlinien vor deiner Reservierung!","og_url":"https:\/\/punchitgym.com\/de\/buchungsbedingungen\/","og_site_name":"Punch it Muay Thai Gym Koh Samui","article_publisher":"https:\/\/www.facebook.com\/punchitgym\/","article_modified_time":"2025-06-28T01:52:30+00:00","og_image":[{"width":1920,"height":400,"url":"https:\/\/punchitgym.com\/wp-content\/uploads\/2023\/12\/Booking-Conditions-Header-2023.jpg","type":"image\/jpeg"}],"twitter_card":"summary_large_image","twitter_site":"@punchitgym","twitter_misc":{"Gesch\u00e4tzte Lesezeit":"4\u00a0Minuten"},"schema":{"@context":"https:\/\/schema.org","@graph":[{"@type":"WebPage","@id":"https:\/\/punchitgym.com\/de\/buchungsbedingungen\/","url":"https:\/\/punchitgym.com\/de\/buchungsbedingungen\/","name":"Buchungsbedingungen - Punch it Muay Thai Gym Koh Samui","isPartOf":{"@id":"https:\/\/punchitgym.com\/de\/#website"},"primaryImageOfPage":{"@id":"https:\/\/punchitgym.com\/de\/buchungsbedingungen\/#primaryimage"},"image":{"@id":"https:\/\/punchitgym.com\/de\/buchungsbedingungen\/#primaryimage"},"thumbnailUrl":"https:\/\/punchitgym.com\/wp-content\/uploads\/2023\/12\/Booking-Conditions-Header-2023.jpg","datePublished":"2019-09-06T10:10:52+00:00","dateModified":"2025-06-28T01:52:30+00:00","description":"Erfahre alles \u00fcber die Buchungsbedingungen im Punch It Gym Koh Samui. Pr\u00fcfe wichtige Details und Richtlinien vor deiner Reservierung!","breadcrumb":{"@id":"https:\/\/punchitgym.com\/de\/buchungsbedingungen\/#breadcrumb"},"inLanguage":"de","potentialAction":[{"@type":"ReadAction","target":["https:\/\/punchitgym.com\/de\/buchungsbedingungen\/"]}]},{"@type":"ImageObject","inLanguage":"de","@id":"https:\/\/punchitgym.com\/de\/buchungsbedingungen\/#primaryimage","url":"https:\/\/punchitgym.com\/wp-content\/uploads\/2023\/12\/Booking-Conditions-Header-2023.jpg","contentUrl":"https:\/\/punchitgym.com\/wp-content\/uploads\/2023\/12\/Booking-Conditions-Header-2023.jpg"},{"@type":"BreadcrumbList","@id":"https:\/\/punchitgym.com\/de\/buchungsbedingungen\/#breadcrumb","itemListElement":[{"@type":"ListItem","position":1,"name":"Home","item":"https:\/\/punchitgym.com\/de\/startseite\/"},{"@type":"ListItem","position":2,"name":"Buchungsbedingungen"}]},{"@type":"WebSite","@id":"https:\/\/punchitgym.com\/de\/#website","url":"https:\/\/punchitgym.com\/de\/","name":"Punch it Muay Thai Gym Koh Samui","description":"Muay Thai Camp Thailand - Koh Samui - Lamai","potentialAction":[{"@type":"SearchAction","target":{"@type":"EntryPoint","urlTemplate":"https:\/\/punchitgym.com\/de\/?s={search_term_string}"},"query-input":{"@type":"PropertyValueSpecification","valueRequired":true,"valueName":"search_term_string"}}],"inLanguage":"de"}]}},"_links":{"self":[{"href":"https:\/\/punchitgym.com\/de\/wp-json\/wp\/v2\/pages\/8646","targetHints":{"allow":["GET"]}}],"collection":[{"href":"https:\/\/punchitgym.com\/de\/wp-json\/wp\/v2\/pages"}],"about":[{"href":"https:\/\/punchitgym.com\/de\/wp-json\/wp\/v2\/types\/page"}],"author":[{"embeddable":true,"href":"https:\/\/punchitgym.com\/de\/wp-json\/wp\/v2\/users\/6"}],"replies":[{"embeddable":true,"href":"https:\/\/punchitgym.com\/de\/wp-json\/wp\/v2\/comments?post=8646"}],"version-history":[{"count":9,"href":"https:\/\/punchitgym.com\/de\/wp-json\/wp\/v2\/pages\/8646\/revisions"}],"predecessor-version":[{"id":31232,"href":"https:\/\/punchitgym.com\/de\/wp-json\/wp\/v2\/pages\/8646\/revisions\/31232"}],"wp:attachment":[{"href":"https:\/\/punchitgym.com\/de\/wp-json\/wp\/v2\/media?parent=8646"}],"curies":[{"name":"wp","href":"https:\/\/api.w.org\/{rel}","templated":true}]}}