{"id":8636,"date":"2025-04-01T15:11:36","date_gmt":"2025-04-01T08:11:36","guid":{"rendered":"https:\/\/punchitgym.com\/unterkunft\/buchen-sie-ihre-unterkunft\/"},"modified":"2026-02-24T08:53:17","modified_gmt":"2026-02-24T01:53:17","slug":"buche-deine-unterkunft","status":"publish","type":"page","link":"https:\/\/punchitgym.com\/de\/unterkunft\/buche-deine-unterkunft\/","title":{"rendered":"Buchen Sie Ihre Unterkunft"},"content":{"rendered":"<section class=\"l-section wpb_row us_custom_4af741be height_auto width_full\"><div class=\"l-section-h i-cf\"><div class=\"g-cols vc_row via_flex valign_top type_default stacking_default\"><div class=\"vc_col-sm-12 wpb_column vc_column_container\"><div class=\"vc_column-inner\"><div class=\"wpb_wrapper\"><div class=\"wpb_text_column us_custom_4af741be\"><div class=\"wpb_wrapper\"><p><img loading=\"lazy\" decoding=\"async\" class=\"aligncenter wp-image-29864 size-full\" title=\"Buche deinen Aufenthalt mit Muay Thai Gym Punchit\" src=\"https:\/\/punchitgym.com\/wp-content\/uploads\/2023\/07\/Book-your-accommodation-header.jpg\" alt=\"Buche deinen Aufenthalt mit Muay Thai Gym Punchit\" width=\"1920\" height=\"400\" srcset=\"https:\/\/punchitgym.com\/wp-content\/uploads\/2023\/07\/Book-your-accommodation-header.jpg 1920w, https:\/\/punchitgym.com\/wp-content\/uploads\/2023\/07\/Book-your-accommodation-header-300x63.jpg 300w, https:\/\/punchitgym.com\/wp-content\/uploads\/2023\/07\/Book-your-accommodation-header-1024x213.jpg 1024w, https:\/\/punchitgym.com\/wp-content\/uploads\/2023\/07\/Book-your-accommodation-header-550x115.jpg 550w\" sizes=\"auto, (max-width: 1920px) 100vw, 1920px\" \/><\/p>\n<\/div><\/div><\/div><\/div><\/div><\/div><\/div><\/section><section class=\"l-section wpb_row height_medium\"><div class=\"l-section-h i-cf\"><div class=\"g-cols vc_row via_flex valign_top type_default stacking_default\"><div class=\"vc_col-sm-12 wpb_column vc_column_container\"><div class=\"vc_column-inner\"><div class=\"wpb_wrapper\"><h1 class=\"w-text\"><span class=\"w-text-h\"><span class=\"w-text-value\">Buchen Sie Ihre Unterkunft<\/span><\/span><\/h1><div class=\"w-separator size_medium\"><\/div><div class=\"wpb_text_column\"><div class=\"wpb_wrapper\">\n<\/div><\/div><\/div><\/div><\/div><\/div><\/div><\/section><section class=\"l-section wpb_row height_small\"><div class=\"l-section-h i-cf\"><div class=\"g-cols vc_row via_flex valign_middle type_default stacking_default\"><div class=\"vc_col-sm-8 wpb_column vc_column_container\"><div class=\"vc_column-inner\"><div class=\"wpb_wrapper\"><div class=\"wpb_text_column\"><div class=\"wpb_wrapper\"><p><strong>* Essen inklusive Angebot im Punch it Healthy Cafe<\/strong><\/p>\n<p>Pro Tag haben Sie die Auswahl aus dem kompletten Men\u00fc f\u00fcr 660 Baht und Sie zahlen nur 600 Baht. 60 Baht pro Tag werden Ihnen f\u00fcr Ihre Vorbestellung gutgeschrieben.<\/p>\n<p>Sie haben auch die M\u00f6glichkeit, die goldene Mitgliedschaft zu w\u00e4hlen, so dass Sie einen zus\u00e4tzlichen Rabatt von 10% erhalten. Wenn das Guthaben aufgebraucht ist, besteht die M\u00f6glichkeit, vor Ort zu den gleichen Konditionen aufzuladen, wie wenn Sie im Voraus gebucht h\u00e4tten.<\/p>\n<p>\u00d6ffnungszeiten Punch it Healthy Cafe:<\/p>\n<ul>\n<li>T\u00e4glich ge\u00f6ffnet: 07:30 \u2013 20:30 Uhr<\/li>\n<\/ul>\n<\/div><\/div><div class=\"w-btn-wrapper align_none\"><a class=\"w-btn us-btn-style_1 icon_atleft\" target=\"_blank\" rel=\"nofollow\" title=\"Alles rund um frische Getr\u00e4nke &amp; gesunde Speisen\" href=\"https:\/\/menutigr.com\/punch-it-healthy-cafe-496573674781510\"><i class=\"fad fa-salad\"><\/i><span class=\"w-btn-label\">Unser Men\u00fc<\/span><\/a><\/div><\/div><\/div><\/div><div class=\"vc_col-sm-4 wpb_column vc_column_container\"><div class=\"vc_column-inner\"><div class=\"wpb_wrapper\"><div class=\"wpb_text_column\"><div class=\"wpb_wrapper\"><p><img loading=\"lazy\" decoding=\"async\" class=\"responsive myresponsive aligncenter wp-image-24788 size-full\" title=\"Punchit Cafe Food\" src=\"https:\/\/punchitgym.com\/wp-content\/uploads\/2022\/08\/Punchit-Cafe-Food.jpg\" alt=\"Punchit Cafe Food\" width=\"1200\" height=\"800\" srcset=\"https:\/\/punchitgym.com\/wp-content\/uploads\/2022\/08\/Punchit-Cafe-Food.jpg 1200w, https:\/\/punchitgym.com\/wp-content\/uploads\/2022\/08\/Punchit-Cafe-Food-300x200.jpg 300w, https:\/\/punchitgym.com\/wp-content\/uploads\/2022\/08\/Punchit-Cafe-Food-1024x683.jpg 1024w, https:\/\/punchitgym.com\/wp-content\/uploads\/2022\/08\/Punchit-Cafe-Food-536x358.jpg 536w, https:\/\/punchitgym.com\/wp-content\/uploads\/2022\/08\/Punchit-Cafe-Food-600x400.jpg 600w, https:\/\/punchitgym.com\/wp-content\/uploads\/2022\/08\/Punchit-Cafe-Food-550x367.jpg 550w\" sizes=\"auto, (max-width: 1200px) 100vw, 1200px\" \/><\/p>\n<\/div><\/div><\/div><\/div><\/div><\/div><\/div><\/section><section class=\"l-section wpb_row height_small\"><div class=\"l-section-h i-cf\"><div class=\"g-cols vc_row via_flex valign_middle type_default stacking_default\"><div class=\"vc_col-sm-8 wpb_column vc_column_container\"><div class=\"vc_column-inner\"><div class=\"wpb_wrapper\"><div class=\"wpb_text_column\"><div class=\"wpb_wrapper\"><p><strong>** Hier finden Sie Informationen zur exklusiven Punch it Golden Member Circle Mitgliedschaft<\/strong><\/p>\n<ul>\n<li>Nur in Verbindung mit dieser Buchung m\u00f6glich<\/li>\n<li>Limitierte Shorts, Kulturbeutel &amp; Duschprodukte<\/li>\n<li>20% Rabatt auf alle Punch it Accessoires und Rabatte in lokalen Gesch\u00e4ften und Restaurants<\/li>\n<\/ul>\n<\/div><\/div><div class=\"w-btn-wrapper align_none\"><a class=\"w-btn us-btn-style_1 icon_atleft\" target=\"_blank\" rel=\"nofollow\" title=\"Informationen zur Golden Circle Mitgliedschaft\" href=\"\/de\/golden-circle-mitgliedschaft\/\"><i class=\"fad fa-info-circle\"><\/i><span class=\"w-btn-label\">Mehr Details<\/span><\/a><\/div><\/div><\/div><\/div><div class=\"vc_col-sm-4 wpb_column vc_column_container\"><div class=\"vc_column-inner\"><div class=\"wpb_wrapper\"><div class=\"wpb_text_column\"><div class=\"wpb_wrapper\"><p><img loading=\"lazy\" decoding=\"async\" class=\"responsive myresponsive aligncenter wp-image-29514 size-full\" title=\"Kostenloses exklusives Set f\u00fcr Golden Circle-Mitglieder\" src=\"https:\/\/punchitgym.com\/wp-content\/uploads\/2023\/03\/Free-Golden-Circle-Member-exclusive-Set-02.jpg\" alt=\"Kostenloses exklusives Set f\u00fcr Golden Circle-Mitglieder\" width=\"1200\" height=\"749\" srcset=\"https:\/\/punchitgym.com\/wp-content\/uploads\/2023\/03\/Free-Golden-Circle-Member-exclusive-Set-02.jpg 1200w, https:\/\/punchitgym.com\/wp-content\/uploads\/2023\/03\/Free-Golden-Circle-Member-exclusive-Set-02-300x187.jpg 300w, https:\/\/punchitgym.com\/wp-content\/uploads\/2023\/03\/Free-Golden-Circle-Member-exclusive-Set-02-1024x639.jpg 1024w, https:\/\/punchitgym.com\/wp-content\/uploads\/2023\/03\/Free-Golden-Circle-Member-exclusive-Set-02-550x343.jpg 550w\" sizes=\"auto, (max-width: 1200px) 100vw, 1200px\" \/><\/p>\n<\/div><\/div><\/div><\/div><\/div><\/div><\/div><\/section>\n","protected":false},"excerpt":{"rendered":"Buchen Sie Ihre Unterkunft * Essen inklusive Angebot im Punch it Healthy Cafe Pro Tag haben Sie die Auswahl aus dem kompletten Men\u00fc f\u00fcr 660 Baht und Sie zahlen nur 600 Baht. 60 Baht pro Tag werden Ihnen f\u00fcr Ihre Vorbestellung gutgeschrieben. Sie haben auch die M\u00f6glichkeit, die goldene Mitgliedschaft zu w\u00e4hlen, so dass Sie...","protected":false},"author":6,"featured_media":0,"parent":8633,"menu_order":0,"comment_status":"closed","ping_status":"closed","template":"","meta":{"_acf_changed":false,"footnotes":""},"class_list":["post-8636","page","type-page","status-publish","hentry"],"acf":[],"yoast_head":"<!-- This site is optimized with the Yoast SEO plugin v27.5 - https:\/\/yoast.com\/product\/yoast-seo-wordpress\/ -->\n<title>Unterkunft - Training buchen im Punch it Muay Thai Gym Samui<\/title>\n<meta name=\"description\" content=\"Buche deine Unterkunft beim Punch it Muay Thai Gym Koh Samui \u2013 w\u00e4hle zwischen verschiedenen Optionen &amp; Services f\u00fcr dein perfektes Training.\" \/>\n<meta name=\"robots\" content=\"index, follow, max-snippet:-1, max-image-preview:large, max-video-preview:-1\" \/>\n<link rel=\"canonical\" href=\"https:\/\/punchitgym.com\/de\/unterkunft\/buche-deine-unterkunft\/\" \/>\n<meta property=\"og:locale\" content=\"de_DE\" \/>\n<meta property=\"og:type\" content=\"article\" \/>\n<meta property=\"og:title\" content=\"Unterkunft - Training buchen im Punch it Muay Thai Gym Samui\" \/>\n<meta property=\"og:description\" content=\"Buche deine Unterkunft beim Punch it Muay Thai Gym Koh Samui \u2013 w\u00e4hle zwischen verschiedenen Optionen &amp; Services f\u00fcr dein perfektes Training.\" \/>\n<meta property=\"og:url\" content=\"https:\/\/punchitgym.com\/de\/unterkunft\/buche-deine-unterkunft\/\" \/>\n<meta property=\"og:site_name\" content=\"Punch it Muay Thai Gym Koh Samui\" \/>\n<meta property=\"article:publisher\" content=\"https:\/\/www.facebook.com\/punchitgym\/\" \/>\n<meta property=\"article:modified_time\" content=\"2026-02-24T01:53:17+00:00\" \/>\n<meta property=\"og:image\" content=\"https:\/\/punchitgym.com\/wp-content\/uploads\/2023\/07\/Book-your-accommodation-header.jpg\" \/>\n\t<meta property=\"og:image:width\" content=\"1920\" \/>\n\t<meta property=\"og:image:height\" content=\"400\" \/>\n\t<meta property=\"og:image:type\" content=\"image\/jpeg\" \/>\n<meta name=\"twitter:card\" content=\"summary_large_image\" \/>\n<meta name=\"twitter:site\" content=\"@punchitgym\" \/>\n<meta name=\"twitter:label1\" content=\"Gesch\u00e4tzte Lesezeit\" \/>\n\t<meta name=\"twitter:data1\" content=\"2\u00a0Minuten\" \/>\n<script type=\"application\/ld+json\" class=\"yoast-schema-graph\">{\"@context\":\"https:\\\/\\\/schema.org\",\"@graph\":[{\"@type\":\"WebPage\",\"@id\":\"https:\\\/\\\/punchitgym.com\\\/de\\\/unterkunft\\\/buche-deine-unterkunft\\\/\",\"url\":\"https:\\\/\\\/punchitgym.com\\\/de\\\/unterkunft\\\/buche-deine-unterkunft\\\/\",\"name\":\"Unterkunft - Training buchen im Punch it Muay Thai Gym Samui\",\"isPartOf\":{\"@id\":\"https:\\\/\\\/punchitgym.com\\\/de\\\/#website\"},\"primaryImageOfPage\":{\"@id\":\"https:\\\/\\\/punchitgym.com\\\/de\\\/unterkunft\\\/buche-deine-unterkunft\\\/#primaryimage\"},\"image\":{\"@id\":\"https:\\\/\\\/punchitgym.com\\\/de\\\/unterkunft\\\/buche-deine-unterkunft\\\/#primaryimage\"},\"thumbnailUrl\":\"https:\\\/\\\/punchitgym.com\\\/wp-content\\\/uploads\\\/2023\\\/07\\\/Book-your-accommodation-header.jpg\",\"datePublished\":\"2025-04-01T08:11:36+00:00\",\"dateModified\":\"2026-02-24T01:53:17+00:00\",\"description\":\"Buche deine Unterkunft beim Punch it Muay Thai Gym Koh Samui \u2013 w\u00e4hle zwischen verschiedenen Optionen & Services f\u00fcr dein perfektes Training.\",\"breadcrumb\":{\"@id\":\"https:\\\/\\\/punchitgym.com\\\/de\\\/unterkunft\\\/buche-deine-unterkunft\\\/#breadcrumb\"},\"inLanguage\":\"de\",\"potentialAction\":[{\"@type\":\"ReadAction\",\"target\":[\"https:\\\/\\\/punchitgym.com\\\/de\\\/unterkunft\\\/buche-deine-unterkunft\\\/\"]}]},{\"@type\":\"ImageObject\",\"inLanguage\":\"de\",\"@id\":\"https:\\\/\\\/punchitgym.com\\\/de\\\/unterkunft\\\/buche-deine-unterkunft\\\/#primaryimage\",\"url\":\"https:\\\/\\\/punchitgym.com\\\/wp-content\\\/uploads\\\/2023\\\/07\\\/Book-your-accommodation-header.jpg\",\"contentUrl\":\"https:\\\/\\\/punchitgym.com\\\/wp-content\\\/uploads\\\/2023\\\/07\\\/Book-your-accommodation-header.jpg\"},{\"@type\":\"BreadcrumbList\",\"@id\":\"https:\\\/\\\/punchitgym.com\\\/de\\\/unterkunft\\\/buche-deine-unterkunft\\\/#breadcrumb\",\"itemListElement\":[{\"@type\":\"ListItem\",\"position\":1,\"name\":\"Home\",\"item\":\"https:\\\/\\\/punchitgym.com\\\/de\\\/startseite\\\/\"},{\"@type\":\"ListItem\",\"position\":2,\"name\":\"Buchen Sie Ihren Aufenthalt\",\"item\":\"https:\\\/\\\/punchitgym.com\\\/de\\\/unterkunft\\\/\"},{\"@type\":\"ListItem\",\"position\":3,\"name\":\"Buchen Sie Ihre Unterkunft\"}]},{\"@type\":\"WebSite\",\"@id\":\"https:\\\/\\\/punchitgym.com\\\/de\\\/#website\",\"url\":\"https:\\\/\\\/punchitgym.com\\\/de\\\/\",\"name\":\"Punch it Muay Thai Gym Koh Samui\",\"description\":\"Muay Thai Camp Thailand - Koh Samui - Lamai\",\"potentialAction\":[{\"@type\":\"SearchAction\",\"target\":{\"@type\":\"EntryPoint\",\"urlTemplate\":\"https:\\\/\\\/punchitgym.com\\\/de\\\/?s={search_term_string}\"},\"query-input\":{\"@type\":\"PropertyValueSpecification\",\"valueRequired\":true,\"valueName\":\"search_term_string\"}}],\"inLanguage\":\"de\"}]}<\/script>\n<!-- \/ Yoast SEO plugin. -->","yoast_head_json":{"title":"Unterkunft - Training buchen im Punch it Muay Thai Gym Samui","description":"Buche deine Unterkunft beim Punch it Muay Thai Gym Koh Samui \u2013 w\u00e4hle zwischen verschiedenen Optionen & Services f\u00fcr dein perfektes Training.","robots":{"index":"index","follow":"follow","max-snippet":"max-snippet:-1","max-image-preview":"max-image-preview:large","max-video-preview":"max-video-preview:-1"},"canonical":"https:\/\/punchitgym.com\/de\/unterkunft\/buche-deine-unterkunft\/","og_locale":"de_DE","og_type":"article","og_title":"Unterkunft - Training buchen im Punch it Muay Thai Gym Samui","og_description":"Buche deine Unterkunft beim Punch it Muay Thai Gym Koh Samui \u2013 w\u00e4hle zwischen verschiedenen Optionen & Services f\u00fcr dein perfektes Training.","og_url":"https:\/\/punchitgym.com\/de\/unterkunft\/buche-deine-unterkunft\/","og_site_name":"Punch it Muay Thai Gym Koh Samui","article_publisher":"https:\/\/www.facebook.com\/punchitgym\/","article_modified_time":"2026-02-24T01:53:17+00:00","og_image":[{"width":1920,"height":400,"url":"https:\/\/punchitgym.com\/wp-content\/uploads\/2023\/07\/Book-your-accommodation-header.jpg","type":"image\/jpeg"}],"twitter_card":"summary_large_image","twitter_site":"@punchitgym","twitter_misc":{"Gesch\u00e4tzte Lesezeit":"2\u00a0Minuten"},"schema":{"@context":"https:\/\/schema.org","@graph":[{"@type":"WebPage","@id":"https:\/\/punchitgym.com\/de\/unterkunft\/buche-deine-unterkunft\/","url":"https:\/\/punchitgym.com\/de\/unterkunft\/buche-deine-unterkunft\/","name":"Unterkunft - Training buchen im Punch it Muay Thai Gym Samui","isPartOf":{"@id":"https:\/\/punchitgym.com\/de\/#website"},"primaryImageOfPage":{"@id":"https:\/\/punchitgym.com\/de\/unterkunft\/buche-deine-unterkunft\/#primaryimage"},"image":{"@id":"https:\/\/punchitgym.com\/de\/unterkunft\/buche-deine-unterkunft\/#primaryimage"},"thumbnailUrl":"https:\/\/punchitgym.com\/wp-content\/uploads\/2023\/07\/Book-your-accommodation-header.jpg","datePublished":"2025-04-01T08:11:36+00:00","dateModified":"2026-02-24T01:53:17+00:00","description":"Buche deine Unterkunft beim Punch it Muay Thai Gym Koh Samui \u2013 w\u00e4hle zwischen verschiedenen Optionen & Services f\u00fcr dein perfektes Training.","breadcrumb":{"@id":"https:\/\/punchitgym.com\/de\/unterkunft\/buche-deine-unterkunft\/#breadcrumb"},"inLanguage":"de","potentialAction":[{"@type":"ReadAction","target":["https:\/\/punchitgym.com\/de\/unterkunft\/buche-deine-unterkunft\/"]}]},{"@type":"ImageObject","inLanguage":"de","@id":"https:\/\/punchitgym.com\/de\/unterkunft\/buche-deine-unterkunft\/#primaryimage","url":"https:\/\/punchitgym.com\/wp-content\/uploads\/2023\/07\/Book-your-accommodation-header.jpg","contentUrl":"https:\/\/punchitgym.com\/wp-content\/uploads\/2023\/07\/Book-your-accommodation-header.jpg"},{"@type":"BreadcrumbList","@id":"https:\/\/punchitgym.com\/de\/unterkunft\/buche-deine-unterkunft\/#breadcrumb","itemListElement":[{"@type":"ListItem","position":1,"name":"Home","item":"https:\/\/punchitgym.com\/de\/startseite\/"},{"@type":"ListItem","position":2,"name":"Buchen Sie Ihren Aufenthalt","item":"https:\/\/punchitgym.com\/de\/unterkunft\/"},{"@type":"ListItem","position":3,"name":"Buchen Sie Ihre Unterkunft"}]},{"@type":"WebSite","@id":"https:\/\/punchitgym.com\/de\/#website","url":"https:\/\/punchitgym.com\/de\/","name":"Punch it Muay Thai Gym Koh Samui","description":"Muay Thai Camp Thailand - Koh Samui - Lamai","potentialAction":[{"@type":"SearchAction","target":{"@type":"EntryPoint","urlTemplate":"https:\/\/punchitgym.com\/de\/?s={search_term_string}"},"query-input":{"@type":"PropertyValueSpecification","valueRequired":true,"valueName":"search_term_string"}}],"inLanguage":"de"}]}},"_links":{"self":[{"href":"https:\/\/punchitgym.com\/de\/wp-json\/wp\/v2\/pages\/8636","targetHints":{"allow":["GET"]}}],"collection":[{"href":"https:\/\/punchitgym.com\/de\/wp-json\/wp\/v2\/pages"}],"about":[{"href":"https:\/\/punchitgym.com\/de\/wp-json\/wp\/v2\/types\/page"}],"author":[{"embeddable":true,"href":"https:\/\/punchitgym.com\/de\/wp-json\/wp\/v2\/users\/6"}],"replies":[{"embeddable":true,"href":"https:\/\/punchitgym.com\/de\/wp-json\/wp\/v2\/comments?post=8636"}],"version-history":[{"count":12,"href":"https:\/\/punchitgym.com\/de\/wp-json\/wp\/v2\/pages\/8636\/revisions"}],"predecessor-version":[{"id":32040,"href":"https:\/\/punchitgym.com\/de\/wp-json\/wp\/v2\/pages\/8636\/revisions\/32040"}],"up":[{"embeddable":true,"href":"https:\/\/punchitgym.com\/de\/wp-json\/wp\/v2\/pages\/8633"}],"wp:attachment":[{"href":"https:\/\/punchitgym.com\/de\/wp-json\/wp\/v2\/media?parent=8636"}],"curies":[{"name":"wp","href":"https:\/\/api.w.org\/{rel}","templated":true}]}}