{"id":8629,"date":"2019-09-06T16:31:40","date_gmt":"2019-09-06T09:31:40","guid":{"rendered":"https:\/\/punchitgym.com\/datenschutz\/"},"modified":"2025-06-28T08:53:24","modified_gmt":"2025-06-28T01:53:24","slug":"datenschutz","status":"publish","type":"page","link":"https:\/\/punchitgym.com\/de\/datenschutz\/","title":{"rendered":"Datenschutz"},"content":{"rendered":"<section class=\"l-section wpb_row us_custom_4af741be height_auto width_full\"><div class=\"l-section-h i-cf\"><div class=\"g-cols vc_row via_flex valign_top type_default stacking_default\"><div class=\"vc_col-sm-12 wpb_column vc_column_container\"><div class=\"vc_column-inner\"><div class=\"wpb_wrapper\"><div class=\"wpb_text_column us_custom_4af741be\"><div class=\"wpb_wrapper\"><p><img loading=\"lazy\" decoding=\"async\" class=\"aligncenter wp-image-30186 size-full\" title=\"Datenschutz Seite\" src=\"https:\/\/punchitgym.com\/wp-content\/uploads\/2023\/12\/Privacy-policy-Header-2023.jpg\" alt=\"Datenschutz Seite\" width=\"1920\" height=\"400\" srcset=\"https:\/\/punchitgym.com\/wp-content\/uploads\/2023\/12\/Privacy-policy-Header-2023.jpg 1920w, https:\/\/punchitgym.com\/wp-content\/uploads\/2023\/12\/Privacy-policy-Header-2023-300x63.jpg 300w, https:\/\/punchitgym.com\/wp-content\/uploads\/2023\/12\/Privacy-policy-Header-2023-1024x213.jpg 1024w, https:\/\/punchitgym.com\/wp-content\/uploads\/2023\/12\/Privacy-policy-Header-2023-550x115.jpg 550w\" sizes=\"auto, (max-width: 1920px) 100vw, 1920px\" \/><\/p>\n<\/div><\/div><\/div><\/div><\/div><\/div><\/div><\/section><section class=\"l-section wpb_row height_medium\"><div class=\"l-section-h i-cf\"><div class=\"g-cols vc_row via_flex valign_top type_default stacking_default\"><div class=\"vc_col-sm-12 wpb_column vc_column_container\"><div class=\"vc_column-inner\"><div class=\"wpb_wrapper\"><h1 class=\"w-text\"><span class=\"w-text-h\"><span class=\"w-text-value\">Datenschutz<\/span><\/span><\/h1><div class=\"wpb_text_column\"><div class=\"wpb_wrapper\"><p>Wir verpflichten uns, Ihre Privatsph\u00e4re zu sch\u00fctzen. Kontaktieren Sie uns, wenn Sie Fragen oder Probleme im Zusammenhang mit der Verwendung Ihrer personenbezogenen Daten haben \u2013 wir helfen Ihnen gerne weiter. Durch die Nutzung dieser Website und\/oder unserer Dienste stimmen Sie der Verarbeitung Ihrer personenbezogenen Daten gem\u00e4\u00df dieser Datenschutzerkl\u00e4rung zu.<\/p>\n<h3>Inhaltsverzeichnis<\/h3>\n<ol>\n<li><a href=\"#gdpr-definitions\">Begriffsbestimmungen in dieser Richtlinie<\/a><\/li>\n<li><a href=\"#gdpr-principles\">Grunds\u00e4tze des Datenschutzes, die wir einhalten<\/a><\/li>\n<li><a href=\"#gdpr-rights\">Ihre Rechte in Bezug auf personenbezogene Daten<\/a><\/li>\n<li><a href=\"#gdpr-information\">Welche personenbezogenen Daten wir \u00fcber Sie erfassen<\/a><\/li>\n<li><a href=\"#gdpr-processing\">Wie wir Ihre personenbezogenen Daten verwenden<\/a><\/li>\n<li><a href=\"#gdpr-sharing\">Wer Zugriff auf Ihre personenbezogenen Daten hat<\/a><\/li>\n<li><a href=\"#gdpr-security\">Wie wir Ihre Daten sichern<\/a><\/li>\n<li><a href=\"#gdpr-cookies\">Informationen \u00fcber Cookies<\/a><\/li>\n<li><a href=\"#gdpr-contact\">Kontaktinformationen<\/a><\/li>\n<\/ol>\n<h3 id=\"gdpr-definitions\">Begriffsbestimmungen<\/h3>\n<p><strong>Personenbezogene Daten<\/strong> \u2013 alle Informationen, die sich auf eine identifizierte oder identifizierbare nat\u00fcrliche Person beziehen. <strong>Verarbeitung<\/strong> \u2013 jeder Vorgang oder jede Reihe von Vorg\u00e4ngen in Bezug auf personenbezogene Daten. <strong>Betroffene Person<\/strong> \u2013 eine nat\u00fcrliche Person, deren personenbezogene Daten verarbeitet werden. <strong>Kinder<\/strong> \u2013 nat\u00fcrliche Personen unter 16 Jahren. <strong>Wir\/uns<\/strong> (ob gro\u00df oder klein geschrieben) \u2013<\/p>\n<h3 id=\"gdpr-principles\">Grunds\u00e4tze des Datenschutzes<\/h3>\n<p>Wir verpflichten uns, folgende Grunds\u00e4tze des Datenschutzes einzuhalten:<\/p>\n<ul>\n<li>Die Verarbeitung ist rechtm\u00e4\u00dfig, fair und transparent. Unsere Verarbeitungen haben eine rechtliche Grundlage. Wir ber\u00fccksichtigen stets Ihre Rechte. Auf Anfrage informieren wir Sie \u00fcber unsere Verarbeitung.<\/li>\n<li>Die Verarbeitung erfolgt zweckgebunden. Unsere Verarbeitung entspricht dem Zweck, zu dem die personenbezogenen Daten erhoben wurden.<\/li>\n<li>Wir erfassen nur die notwendigen Daten. Wir verarbeiten nur das Mindestma\u00df an Daten, das erforderlich ist.<\/li>\n<li>Die Verarbeitung erfolgt zeitlich begrenzt. Wir speichern Ihre Daten nicht l\u00e4nger als n\u00f6tig.<\/li>\n<li>Wir bem\u00fchen uns um Datenrichtigkeit.<\/li>\n<li>Wir gew\u00e4hrleisten Integrit\u00e4t und Vertraulichkeit Ihrer Daten.<\/li>\n<\/ul>\n<h3 id=\"gdpr-rights\">Rechte der betroffenen Person<\/h3>\n<p>Sie haben folgende Rechte:<\/p>\n<ol>\n<li>Recht auf Information \u2013 Sie haben das Recht zu wissen, ob Ihre Daten verarbeitet werden; welche Daten erhoben wurden, von woher und von wem.<\/li>\n<li>Recht auf Zugriff \u2013 Sie haben das Recht auf Zugriff auf Ihre gespeicherten Daten und Kopien davon.<\/li>\n<li>Recht auf Berichtigung \u2013 Sie k\u00f6nnen unvollst\u00e4ndige oder fehlerhafte Daten korrigieren oder l\u00f6schen lassen.<\/li>\n<li>Recht auf L\u00f6schung \u2013 unter bestimmten Umst\u00e4nden k\u00f6nnen Sie die L\u00f6schung Ihrer Daten verlangen.<\/li>\n<li>Recht auf Einschr\u00e4nkung \u2013 unter bestimmten Voraussetzungen k\u00f6nnen Sie die Verarbeitung einschr\u00e4nken lassen.<\/li>\n<li>Widerspruchsrecht \u2013 Sie k\u00f6nnen der Verarbeitung, z.\u202fB. im Fall von Direktmarketing, widersprechen.<\/li>\n<li>Widerspruch gegen automatisierte Verarbeitung \u2013 Sie k\u00f6nnen Entscheidungen, die ausschlie\u00dflich automatisiert getroffen werden, ablehnen.<\/li>\n<li>Recht auf Daten\u00fcbertragbarkeit \u2013 Sie haben das Recht, Ihre Daten in einem maschinenlesbaren Format zu erhalten oder direkt \u00fcbertragen zu lassen.<\/li>\n<li>Beschwerderecht \u2013 lehnen wir Ihre Anfrage ab, geben wir die Gr\u00fcnde an. Sie k\u00f6nnen Beschwerde einlegen.<\/li>\n<li>Recht auf Unterst\u00fctzung durch eine <a href=\"#gdpr-contact\">Aufsichtsbeh\u00f6rde<\/a> \u2013 und auf andere rechtliche Mittel wie Schadensersatz.<\/li>\n<li>Widerruf der Einwilligung \u2013 Sie k\u00f6nnen Ihre Einwilligung jederzeit widerrufen.<\/li>\n<\/ol>\n<h3 id=\"gdpr-information\">Von uns erhobene Daten<\/h3>\n<p><strong>&#8211; Von Ihnen bereitgestellte Informationen<\/strong> wie Vor- und Nachname, E-Mail-Adresse, optional Firmenname, Website-URL, gew\u00e4hltes Thema und Nachricht \u2013 zur Bereitstellung unseres Services oder zur Verbesserung Ihrer Erfahrung. <strong>&#8211; Automatisch erfasste Informationen<\/strong> z.\u202fB. IP-Adresse durch Cookies oder Sitzungswerkzeuge \u2013 zur Analyse und Verbesserung Ihrer Nutzung. <strong>\u00d6ffentlich verf\u00fcgbare Informationen<\/strong> k\u00f6nnen ebenfalls erfasst werden.<\/p>\n<h3 id=\"gdpr-processing\">Verwendung Ihrer personenbezogenen Daten<\/h3>\n<p>Wir verwenden Ihre Daten um:<\/p>\n<ul>\n<li>Ihnen unsere Dienstleistungen bereitzustellen (z.\u202fB. Angebote, Kommunikation, Kontoerstellung);<\/li>\n<li>Ihre Nutzererfahrung zu verbessern;<\/li>\n<li>rechtliche oder vertragliche Pflichten zu erf\u00fcllen.<\/li>\n<\/ul>\n<p>Bei Vertragsabschluss oder Vertragserf\u00fcllung verarbeiten wir Ihre Daten f\u00fcr:<\/p>\n<ul>\n<li>Ihre Identifikation;<\/li>\n<li>Bereitstellung eines Angebots oder einer Dienstleistung;<\/li>\n<li>Kommunikation, z.\u202fB. f\u00fcr Rechnungen oder Verkauf.<\/li>\n<\/ul>\n<p>Auf Grundlage berechtigter Interessen verarbeiten wir Ihre Daten um:<\/p>\n<ul>\n<li>individuelle Angebote zu senden (von uns oder ausgew\u00e4hlten Partnern);<\/li>\n<li>unseren Kundenstamm zu analysieren und unsere Services zu verbessern;<\/li>\n<li>Kundenzufriedenheitsumfragen durchzuf\u00fchren.<\/li>\n<\/ul>\n<p>Wenn Sie uns nichts Gegenteiliges mitteilen, gehen wir davon aus, dass \u00e4hnliche Angebote in Ihrem Interesse sind. Mit Ihrer Einwilligung nutzen wir Ihre Daten auch um:<\/p>\n<ul>\n<li>Ihnen Newsletter und Werbeangebote zu senden (von uns oder Partnern);<\/li>\n<li>f\u00fcr andere Zwecke, zu denen Sie zugestimmt haben.<\/li>\n<\/ul>\n<p>Wir verarbeiten Ihre Daten auch, um gesetzliche Verpflichtungen zu erf\u00fcllen. Wir behalten uns vor, Daten zu anonymisieren und aggregiert zu verwenden. Solche Daten verwenden wir au\u00dferhalb dieser Richtlinie. Rechnungsdaten speichern wir max. <strong>ein Jahr<\/strong> zur Erf\u00fcllung gesetzlicher Vorgaben. Weitere Verarbeitungen erfolgen nur bei:<\/p>\n<ul>\n<li>kompatiblen Zwecken und Kontext;<\/li>\n<li>keinem Risiko f\u00fcr Ihre Rechte;<\/li>\n<li>angemessenen Schutzma\u00dfnahmen.<\/li>\n<\/ul>\n<p>Wir informieren Sie \u00fcber jede weitere Verarbeitung.<\/p>\n<h3 id=\"gdpr-sharing\">Weitergabe Ihrer Daten<\/h3>\n<p>Wir geben Ihre personenbezogenen Daten nicht an Dritte weiter. In bestimmten F\u00e4llen erhalten vertrauensw\u00fcrdige Partner (z.\u202fB. Samui Infotech) Zugriff, um unsere Dienstleistungen zu erm\u00f6glichen oder zu verbessern.<\/p>\n<h3 id=\"gdpr-security\">Datensicherheit<\/h3>\n<p>Wir tun unser Bestes, Ihre Daten zu sch\u00fctzen \u2013 z.\u202fB. durch sichere Protokolle (HTTPS), Anonymisierung und System\u00fcberwachung. Dennoch k\u00f6nnen wir absolute Sicherheit nicht garantieren. Bei Sicherheitsvorf\u00e4llen informieren wir Sie und die Beh\u00f6rden. Bitte bewahren Sie Ihre Zugangsdaten geheim.<\/p>\n<h3>Kinder<\/h3>\n<p>Wir sammeln wissentlich keine Daten von Kindern und richten unsere Angebote nicht an Kinder.<\/p>\n<h3 id=\"gdpr-cookies\">Cookies und verwandte Technologien<\/h3>\n<p>Wir verwenden Cookies\/\u00e4hnliche Technologien zur Analyse von Nutzerverhalten, zur Website-Verwaltung, Verfolgung von Bewegungen und zur Verbesserung Ihrer Erfahrung. Cookies sind kleine Textdateien. Sie k\u00f6nnen Cookies in Ihrem Browser verwalten. Einschr\u00e4nkungen k\u00f6nnen die Funktionalit\u00e4t beeintr\u00e4chtigen. <strong>Wir verwenden Cookies f\u00fcr:<\/strong><\/p>\n<ul>\n<li>Notwendige Cookies \u2013 f\u00fcr grundlegende Funktionen wie Login. Diese erfassen keine personenbezogenen Daten.<\/li>\n<li>Funktionale Cookies \u2013 um z.\u202fB. Formulardaten zu speichern und personalisierte Funktionen zu erm\u00f6glichen.<\/li>\n<li>Analyse-Cookies \u2013 zur Messung von Website- und Dienstleistungsleistung.<\/li>\n<li>Werbe-Cookies \u2013 um relevante Werbung zu zeigen und H\u00e4ufigkeit zu begrenzen; diese k\u00f6nnen mit Dritten geteilt werden.<\/li>\n<\/ul>\n<p>Sie k\u00f6nnen Cookies \u00fcber Ihren Browser l\u00f6schen oder Drittanbieter-Cookies \u00fcber <a href=\"http:\/\/optout.aboutads.info\/#!\/\" target=\"_blank\" rel=\"noopener noreferrer\">optout.aboutads.info<\/a> oder <a href=\"http:\/\/www.youronlinechoices.com\/\" target=\"_blank\" rel=\"noopener noreferrer\">youronlinechoices.com<\/a> steuern. Mehr Infos auf <a href=\"http:\/\/www.allaboutcookies.org\" target=\"_blank\" rel=\"noopener noreferrer\">allaboutcookies.org<\/a>. Wir nutzen Google Analytics (Datenschutzerkl\u00e4rung <a href=\"https:\/\/support.google.com\/analytics\/answer\/6004245\" target=\"_blank\" rel=\"noopener noreferrer\">hier<\/a>). Zum Deaktivieren: <a href=\"https:\/\/tools.google.com\/dlpage\/gaoptout\" target=\"_blank\" rel=\"noopener noreferrer\">Google Analytics Opt-out<\/a>.<\/p>\n<h3 id=\"gdpr-contact\">Kontaktinformationen<\/h3>\n<p><strong id=\"gdpr-dpa\">Markus Muster<\/strong><\/p>\n<h3 id=\"gdpr-changes\">\u00c4nderungen an dieser Datenschutzerkl\u00e4rung<\/h3>\n<p>Wir behalten uns das Recht vor, diese Datenschutzerkl\u00e4rung zu \u00e4ndern. Letzte \u00c4nderung am 21. April 2018.<\/p>\n<\/div><\/div><\/div><\/div><\/div><\/div><\/div><\/section>\n","protected":false},"excerpt":{"rendered":"DatenschutzWir verpflichten uns, Ihre Privatsph\u00e4re zu sch\u00fctzen. Kontaktieren Sie uns, wenn Sie Fragen oder Probleme im Zusammenhang mit der Verwendung Ihrer personenbezogenen Daten haben \u2013 wir helfen Ihnen gerne weiter. Durch die Nutzung dieser Website und\/oder unserer Dienste stimmen Sie der Verarbeitung Ihrer personenbezogenen Daten gem\u00e4\u00df dieser Datenschutzerkl\u00e4rung zu. Inhaltsverzeichnis Begriffsbestimmungen in dieser Richtlinie Grunds\u00e4tze...","protected":false},"author":6,"featured_media":0,"parent":0,"menu_order":0,"comment_status":"closed","ping_status":"closed","template":"","meta":{"_acf_changed":false,"footnotes":""},"class_list":["post-8629","page","type-page","status-publish","hentry"],"acf":[],"yoast_head":"<!-- This site is optimized with the Yoast SEO plugin v27.2 - https:\/\/yoast.com\/product\/yoast-seo-wordpress\/ -->\n<title>Datenschutz - Punch it Muay Thai Gym Koh Samui<\/title>\n<meta name=\"description\" content=\"Datenschutzerkl\u00e4rung \u2013 Wir sch\u00fctzen Ihre Daten. Bei Fragen zur Verarbeitung Ihrer personenbezogenen Daten kontaktieren Sie uns gerne.\" \/>\n<meta name=\"robots\" content=\"index, follow, max-snippet:-1, max-image-preview:large, max-video-preview:-1\" \/>\n<link rel=\"canonical\" href=\"https:\/\/punchitgym.com\/de\/datenschutz\/\" \/>\n<meta property=\"og:locale\" content=\"de_DE\" \/>\n<meta property=\"og:type\" content=\"article\" \/>\n<meta property=\"og:title\" content=\"Datenschutz - Punch it Muay Thai Gym Koh Samui\" \/>\n<meta property=\"og:description\" content=\"Datenschutzerkl\u00e4rung \u2013 Wir sch\u00fctzen Ihre Daten. Bei Fragen zur Verarbeitung Ihrer personenbezogenen Daten kontaktieren Sie uns gerne.\" \/>\n<meta property=\"og:url\" content=\"https:\/\/punchitgym.com\/de\/datenschutz\/\" \/>\n<meta property=\"og:site_name\" content=\"Punch it Muay Thai Gym Koh Samui\" \/>\n<meta property=\"article:publisher\" content=\"https:\/\/www.facebook.com\/punchitgym\/\" \/>\n<meta property=\"article:modified_time\" content=\"2025-06-28T01:53:24+00:00\" \/>\n<meta property=\"og:image\" content=\"https:\/\/punchitgym.com\/wp-content\/uploads\/2023\/12\/Privacy-policy-Header-2023.jpg\" \/>\n\t<meta property=\"og:image:width\" content=\"1920\" \/>\n\t<meta property=\"og:image:height\" content=\"400\" \/>\n\t<meta property=\"og:image:type\" content=\"image\/jpeg\" \/>\n<meta name=\"twitter:card\" content=\"summary_large_image\" \/>\n<meta name=\"twitter:site\" content=\"@punchitgym\" \/>\n<meta name=\"twitter:label1\" content=\"Gesch\u00e4tzte Lesezeit\" \/>\n\t<meta name=\"twitter:data1\" content=\"5\u00a0Minuten\" \/>\n<script type=\"application\/ld+json\" class=\"yoast-schema-graph\">{\"@context\":\"https:\/\/schema.org\",\"@graph\":[{\"@type\":\"WebPage\",\"@id\":\"https:\/\/punchitgym.com\/de\/datenschutz\/\",\"url\":\"https:\/\/punchitgym.com\/de\/datenschutz\/\",\"name\":\"Datenschutz - Punch it Muay Thai Gym Koh Samui\",\"isPartOf\":{\"@id\":\"https:\/\/punchitgym.com\/de\/#website\"},\"primaryImageOfPage\":{\"@id\":\"https:\/\/punchitgym.com\/de\/datenschutz\/#primaryimage\"},\"image\":{\"@id\":\"https:\/\/punchitgym.com\/de\/datenschutz\/#primaryimage\"},\"thumbnailUrl\":\"https:\/\/punchitgym.com\/wp-content\/uploads\/2023\/12\/Privacy-policy-Header-2023.jpg\",\"datePublished\":\"2019-09-06T09:31:40+00:00\",\"dateModified\":\"2025-06-28T01:53:24+00:00\",\"description\":\"Datenschutzerkl\u00e4rung \u2013 Wir sch\u00fctzen Ihre Daten. Bei Fragen zur Verarbeitung Ihrer personenbezogenen Daten kontaktieren Sie uns gerne.\",\"breadcrumb\":{\"@id\":\"https:\/\/punchitgym.com\/de\/datenschutz\/#breadcrumb\"},\"inLanguage\":\"de\",\"potentialAction\":[{\"@type\":\"ReadAction\",\"target\":[\"https:\/\/punchitgym.com\/de\/datenschutz\/\"]}]},{\"@type\":\"ImageObject\",\"inLanguage\":\"de\",\"@id\":\"https:\/\/punchitgym.com\/de\/datenschutz\/#primaryimage\",\"url\":\"https:\/\/punchitgym.com\/wp-content\/uploads\/2023\/12\/Privacy-policy-Header-2023.jpg\",\"contentUrl\":\"https:\/\/punchitgym.com\/wp-content\/uploads\/2023\/12\/Privacy-policy-Header-2023.jpg\"},{\"@type\":\"BreadcrumbList\",\"@id\":\"https:\/\/punchitgym.com\/de\/datenschutz\/#breadcrumb\",\"itemListElement\":[{\"@type\":\"ListItem\",\"position\":1,\"name\":\"Home\",\"item\":\"https:\/\/punchitgym.com\/de\/startseite\/\"},{\"@type\":\"ListItem\",\"position\":2,\"name\":\"Datenschutz\"}]},{\"@type\":\"WebSite\",\"@id\":\"https:\/\/punchitgym.com\/de\/#website\",\"url\":\"https:\/\/punchitgym.com\/de\/\",\"name\":\"Punch it Muay Thai Gym Koh Samui\",\"description\":\"Muay Thai Camp Thailand - Koh Samui - Lamai\",\"potentialAction\":[{\"@type\":\"SearchAction\",\"target\":{\"@type\":\"EntryPoint\",\"urlTemplate\":\"https:\/\/punchitgym.com\/de\/?s={search_term_string}\"},\"query-input\":{\"@type\":\"PropertyValueSpecification\",\"valueRequired\":true,\"valueName\":\"search_term_string\"}}],\"inLanguage\":\"de\"}]}<\/script>\n<!-- \/ Yoast SEO plugin. -->","yoast_head_json":{"title":"Datenschutz - Punch it Muay Thai Gym Koh Samui","description":"Datenschutzerkl\u00e4rung \u2013 Wir sch\u00fctzen Ihre Daten. Bei Fragen zur Verarbeitung Ihrer personenbezogenen Daten kontaktieren Sie uns gerne.","robots":{"index":"index","follow":"follow","max-snippet":"max-snippet:-1","max-image-preview":"max-image-preview:large","max-video-preview":"max-video-preview:-1"},"canonical":"https:\/\/punchitgym.com\/de\/datenschutz\/","og_locale":"de_DE","og_type":"article","og_title":"Datenschutz - Punch it Muay Thai Gym Koh Samui","og_description":"Datenschutzerkl\u00e4rung \u2013 Wir sch\u00fctzen Ihre Daten. Bei Fragen zur Verarbeitung Ihrer personenbezogenen Daten kontaktieren Sie uns gerne.","og_url":"https:\/\/punchitgym.com\/de\/datenschutz\/","og_site_name":"Punch it Muay Thai Gym Koh Samui","article_publisher":"https:\/\/www.facebook.com\/punchitgym\/","article_modified_time":"2025-06-28T01:53:24+00:00","og_image":[{"width":1920,"height":400,"url":"https:\/\/punchitgym.com\/wp-content\/uploads\/2023\/12\/Privacy-policy-Header-2023.jpg","type":"image\/jpeg"}],"twitter_card":"summary_large_image","twitter_site":"@punchitgym","twitter_misc":{"Gesch\u00e4tzte Lesezeit":"5\u00a0Minuten"},"schema":{"@context":"https:\/\/schema.org","@graph":[{"@type":"WebPage","@id":"https:\/\/punchitgym.com\/de\/datenschutz\/","url":"https:\/\/punchitgym.com\/de\/datenschutz\/","name":"Datenschutz - Punch it Muay Thai Gym Koh Samui","isPartOf":{"@id":"https:\/\/punchitgym.com\/de\/#website"},"primaryImageOfPage":{"@id":"https:\/\/punchitgym.com\/de\/datenschutz\/#primaryimage"},"image":{"@id":"https:\/\/punchitgym.com\/de\/datenschutz\/#primaryimage"},"thumbnailUrl":"https:\/\/punchitgym.com\/wp-content\/uploads\/2023\/12\/Privacy-policy-Header-2023.jpg","datePublished":"2019-09-06T09:31:40+00:00","dateModified":"2025-06-28T01:53:24+00:00","description":"Datenschutzerkl\u00e4rung \u2013 Wir sch\u00fctzen Ihre Daten. Bei Fragen zur Verarbeitung Ihrer personenbezogenen Daten kontaktieren Sie uns gerne.","breadcrumb":{"@id":"https:\/\/punchitgym.com\/de\/datenschutz\/#breadcrumb"},"inLanguage":"de","potentialAction":[{"@type":"ReadAction","target":["https:\/\/punchitgym.com\/de\/datenschutz\/"]}]},{"@type":"ImageObject","inLanguage":"de","@id":"https:\/\/punchitgym.com\/de\/datenschutz\/#primaryimage","url":"https:\/\/punchitgym.com\/wp-content\/uploads\/2023\/12\/Privacy-policy-Header-2023.jpg","contentUrl":"https:\/\/punchitgym.com\/wp-content\/uploads\/2023\/12\/Privacy-policy-Header-2023.jpg"},{"@type":"BreadcrumbList","@id":"https:\/\/punchitgym.com\/de\/datenschutz\/#breadcrumb","itemListElement":[{"@type":"ListItem","position":1,"name":"Home","item":"https:\/\/punchitgym.com\/de\/startseite\/"},{"@type":"ListItem","position":2,"name":"Datenschutz"}]},{"@type":"WebSite","@id":"https:\/\/punchitgym.com\/de\/#website","url":"https:\/\/punchitgym.com\/de\/","name":"Punch it Muay Thai Gym Koh Samui","description":"Muay Thai Camp Thailand - Koh Samui - Lamai","potentialAction":[{"@type":"SearchAction","target":{"@type":"EntryPoint","urlTemplate":"https:\/\/punchitgym.com\/de\/?s={search_term_string}"},"query-input":{"@type":"PropertyValueSpecification","valueRequired":true,"valueName":"search_term_string"}}],"inLanguage":"de"}]}},"_links":{"self":[{"href":"https:\/\/punchitgym.com\/de\/wp-json\/wp\/v2\/pages\/8629","targetHints":{"allow":["GET"]}}],"collection":[{"href":"https:\/\/punchitgym.com\/de\/wp-json\/wp\/v2\/pages"}],"about":[{"href":"https:\/\/punchitgym.com\/de\/wp-json\/wp\/v2\/types\/page"}],"author":[{"embeddable":true,"href":"https:\/\/punchitgym.com\/de\/wp-json\/wp\/v2\/users\/6"}],"replies":[{"embeddable":true,"href":"https:\/\/punchitgym.com\/de\/wp-json\/wp\/v2\/comments?post=8629"}],"version-history":[{"count":4,"href":"https:\/\/punchitgym.com\/de\/wp-json\/wp\/v2\/pages\/8629\/revisions"}],"predecessor-version":[{"id":31234,"href":"https:\/\/punchitgym.com\/de\/wp-json\/wp\/v2\/pages\/8629\/revisions\/31234"}],"wp:attachment":[{"href":"https:\/\/punchitgym.com\/de\/wp-json\/wp\/v2\/media?parent=8629"}],"curies":[{"name":"wp","href":"https:\/\/api.w.org\/{rel}","templated":true}]}}