{"id":8627,"date":"2019-09-06T16:30:42","date_gmt":"2019-09-06T09:30:42","guid":{"rendered":"https:\/\/punchitgym.com\/impressum\/"},"modified":"2025-06-28T07:19:22","modified_gmt":"2025-06-28T00:19:22","slug":"impressum","status":"publish","type":"page","link":"https:\/\/punchitgym.com\/de\/impressum\/","title":{"rendered":"Impressum"},"content":{"rendered":"<section class=\"l-section wpb_row us_custom_4af741be height_auto width_full\"><div class=\"l-section-h i-cf\"><div class=\"g-cols vc_row via_flex valign_top type_default stacking_default\"><div class=\"vc_col-sm-12 wpb_column vc_column_container\"><div class=\"vc_column-inner\"><div class=\"wpb_wrapper\"><div class=\"wpb_text_column us_custom_4af741be\"><div class=\"wpb_wrapper\"><p><img loading=\"lazy\" decoding=\"async\" class=\"aligncenter wp-image-11072 size-full\" title=\"Impressum Punchit Muay Thai Gym\" src=\"https:\/\/punchitgym.com\/wp-content\/uploads\/2021\/03\/Impressum-Punchit-Muay-Thai-Gym.jpg\" alt=\"Impressum Punchit Muay Thai Gym\" width=\"1920\" height=\"450\" srcset=\"https:\/\/punchitgym.com\/wp-content\/uploads\/2021\/03\/Impressum-Punchit-Muay-Thai-Gym.jpg 1920w, https:\/\/punchitgym.com\/wp-content\/uploads\/2021\/03\/Impressum-Punchit-Muay-Thai-Gym-300x70.jpg 300w, https:\/\/punchitgym.com\/wp-content\/uploads\/2021\/03\/Impressum-Punchit-Muay-Thai-Gym-1024x240.jpg 1024w, https:\/\/punchitgym.com\/wp-content\/uploads\/2021\/03\/Impressum-Punchit-Muay-Thai-Gym-550x129.jpg 550w\" sizes=\"auto, (max-width: 1920px) 100vw, 1920px\" \/><\/p>\n<\/div><\/div><\/div><\/div><\/div><\/div><\/div><\/section><section class=\"l-section wpb_row height_medium\"><div class=\"l-section-h i-cf\"><div class=\"g-cols vc_row via_flex valign_top type_default stacking_default\"><div class=\"vc_col-sm-6 wpb_column vc_column_container\"><div class=\"vc_column-inner\"><div class=\"wpb_wrapper\"><h1 class=\"w-text\"><span class=\"w-text-h\"><span class=\"w-text-value\">Impressum<\/span><\/span><\/h1><div class=\"wpb_text_column\"><div class=\"wpb_wrapper\"><p><strong>Kontaktadresse:<\/strong><\/p>\n<p>Punch it Gym \u2013 Punch it Co., Ltd.<br \/>\n124\/666 Moo 3, Maret<br \/>\nKoh Samui<br \/>\nSuratthani, 84310<br \/>\nThailand<\/p>\n<p>Website: www.punchitgym.com<br \/>\nE-Mail: office(at)punchitgym(dot)com<\/p>\n<p>Telephone: <a href=\"tel:+66616615161\">+66 61 661 51 61<\/a><\/p>\n<p>TH VAT Registration No.: 0845560004734<\/p>\n<p>Mobile: <a href=\"tel:+66616615161\">+66 61 661 51 61<\/a><\/p>\n<\/div><\/div><\/div><\/div><\/div><div class=\"vc_col-sm-6 wpb_column vc_column_container\"><div class=\"vc_column-inner\"><div class=\"wpb_wrapper\"><div class=\"wpb_text_column\"><div class=\"wpb_wrapper\"><p><strong>Haftungsausschluss<\/strong><\/p>\n<p>F\u00fcr Richtigkeit, Genauigkeit, Aktualit\u00e4t, Zuverl\u00e4ssigkeit oder Vollst\u00e4ndigkeit der bereitgestellten Informationen \u00fcbernimmt der Betreiber jedoch keine Gew\u00e4hr. Haftungsanspr\u00fcche wegen Sch\u00e4den materieller oder immaterieller Art, die durch den Zugriff auf die Website, die Nutzung oder Nichtnutzung der ver\u00f6ffentlichten Informationen, durch Missbrauch der Verbindung oder durch technische St\u00f6rungen entstehen, werden ausgeschlossen. Alle Angebote sind freibleibend und unverbindlich. Der Betreiber beh\u00e4lt sich ausdr\u00fccklich das Recht vor, Teile der Website oder das gesamte Angebot ohne vorherige Ank\u00fcndigung zu \u00e4ndern, zu erg\u00e4nzen, zu l\u00f6schen oder die Ver\u00f6ffentlichung zeitweise oder dauerhaft einzustellen.<\/p>\n<p><strong>Haftung f\u00fcr Links<\/strong><\/p>\n<p>Verlinkungen und Hinweise auf externe Webseiten Dritter liegen ausserhalb unseres Verantwortungsbereichs. Jegliche Haftung f\u00fcr solche Webseiten wird abgelehnt. Der Zugriff und die Nutzung dieser Webseiten erfolgen auf eigenes Risiko des jeweiligen Nutzers oder der Nutzerin.<\/p>\n<p><strong>Urheberrechte<\/strong><\/p>\n<p>Die Urheber- und sonstigen Rechte an s\u00e4mtlichen Inhalten, Bildern, Fotos oder anderen Dateien auf dieser Website liegen ausschliesslich beim Betreiber oder den ausdr\u00fccklich genannten Rechteinhabern. F\u00fcr die Verwendung jeglicher Elemente ist im Voraus die schriftliche Zustimmung der jeweiligen Rechteinhaber einzuholen.<\/p>\n<\/div><\/div><\/div><\/div><\/div><\/div><\/div><\/section>\n","protected":false},"excerpt":{"rendered":"ImpressumKontaktadresse: Punch it Gym \u2013 Punch it Co., Ltd. 124\/666 Moo 3, Maret Koh Samui Suratthani, 84310 Thailand Website: www.punchitgym.com E-Mail: office(at)punchitgym(dot)com Telephone: +66 61 661 51 61 TH VAT Registration No.: 0845560004734 Mobile: +66 61 661 51 61 Haftungsausschluss F\u00fcr Richtigkeit, Genauigkeit, Aktualit\u00e4t, Zuverl\u00e4ssigkeit oder Vollst\u00e4ndigkeit der bereitgestellten Informationen \u00fcbernimmt der Betreiber jedoch keine...","protected":false},"author":6,"featured_media":0,"parent":0,"menu_order":0,"comment_status":"closed","ping_status":"closed","template":"","meta":{"_acf_changed":false,"footnotes":""},"class_list":["post-8627","page","type-page","status-publish","hentry"],"acf":[],"yoast_head":"<!-- This site is optimized with the Yoast SEO plugin v27.2 - https:\/\/yoast.com\/product\/yoast-seo-wordpress\/ -->\n<title>Impressum - Punch it Muay Thai Gym Koh Samui<\/title>\n<meta name=\"description\" content=\"Impressum von Punchit Gym mit rechtlichen Hinweisen zu Haftung, Urheberrecht und externen Links \u2013 alle Angaben ohne Gew\u00e4hr.\" \/>\n<meta name=\"robots\" content=\"index, follow, max-snippet:-1, max-image-preview:large, max-video-preview:-1\" \/>\n<link rel=\"canonical\" href=\"https:\/\/punchitgym.com\/de\/impressum\/\" \/>\n<meta property=\"og:locale\" content=\"de_DE\" \/>\n<meta property=\"og:type\" content=\"article\" \/>\n<meta property=\"og:title\" content=\"Impressum - Punch it Muay Thai Gym Koh Samui\" \/>\n<meta property=\"og:description\" content=\"Impressum von Punchit Gym mit rechtlichen Hinweisen zu Haftung, Urheberrecht und externen Links \u2013 alle Angaben ohne Gew\u00e4hr.\" \/>\n<meta property=\"og:url\" content=\"https:\/\/punchitgym.com\/de\/impressum\/\" \/>\n<meta property=\"og:site_name\" content=\"Punch it Muay Thai Gym Koh Samui\" \/>\n<meta property=\"article:publisher\" content=\"https:\/\/www.facebook.com\/punchitgym\/\" \/>\n<meta property=\"article:modified_time\" content=\"2025-06-28T00:19:22+00:00\" \/>\n<meta property=\"og:image\" content=\"https:\/\/punchitgym.com\/wp-content\/uploads\/2021\/03\/Impressum-Punchit-Muay-Thai-Gym.jpg\" \/>\n\t<meta property=\"og:image:width\" content=\"1920\" \/>\n\t<meta property=\"og:image:height\" content=\"450\" \/>\n\t<meta property=\"og:image:type\" content=\"image\/jpeg\" \/>\n<meta name=\"twitter:card\" content=\"summary_large_image\" \/>\n<meta name=\"twitter:site\" content=\"@punchitgym\" \/>\n<meta name=\"twitter:label1\" content=\"Gesch\u00e4tzte Lesezeit\" \/>\n\t<meta name=\"twitter:data1\" content=\"2\u00a0Minuten\" \/>\n<script type=\"application\/ld+json\" class=\"yoast-schema-graph\">{\"@context\":\"https:\/\/schema.org\",\"@graph\":[{\"@type\":\"WebPage\",\"@id\":\"https:\/\/punchitgym.com\/de\/impressum\/\",\"url\":\"https:\/\/punchitgym.com\/de\/impressum\/\",\"name\":\"Impressum - Punch it Muay Thai Gym Koh Samui\",\"isPartOf\":{\"@id\":\"https:\/\/punchitgym.com\/de\/#website\"},\"primaryImageOfPage\":{\"@id\":\"https:\/\/punchitgym.com\/de\/impressum\/#primaryimage\"},\"image\":{\"@id\":\"https:\/\/punchitgym.com\/de\/impressum\/#primaryimage\"},\"thumbnailUrl\":\"https:\/\/punchitgym.com\/wp-content\/uploads\/2021\/03\/Impressum-Punchit-Muay-Thai-Gym.jpg\",\"datePublished\":\"2019-09-06T09:30:42+00:00\",\"dateModified\":\"2025-06-28T00:19:22+00:00\",\"description\":\"Impressum von Punchit Gym mit rechtlichen Hinweisen zu Haftung, Urheberrecht und externen Links \u2013 alle Angaben ohne Gew\u00e4hr.\",\"breadcrumb\":{\"@id\":\"https:\/\/punchitgym.com\/de\/impressum\/#breadcrumb\"},\"inLanguage\":\"de\",\"potentialAction\":[{\"@type\":\"ReadAction\",\"target\":[\"https:\/\/punchitgym.com\/de\/impressum\/\"]}]},{\"@type\":\"ImageObject\",\"inLanguage\":\"de\",\"@id\":\"https:\/\/punchitgym.com\/de\/impressum\/#primaryimage\",\"url\":\"https:\/\/punchitgym.com\/wp-content\/uploads\/2021\/03\/Impressum-Punchit-Muay-Thai-Gym.jpg\",\"contentUrl\":\"https:\/\/punchitgym.com\/wp-content\/uploads\/2021\/03\/Impressum-Punchit-Muay-Thai-Gym.jpg\"},{\"@type\":\"BreadcrumbList\",\"@id\":\"https:\/\/punchitgym.com\/de\/impressum\/#breadcrumb\",\"itemListElement\":[{\"@type\":\"ListItem\",\"position\":1,\"name\":\"Home\",\"item\":\"https:\/\/punchitgym.com\/de\/startseite\/\"},{\"@type\":\"ListItem\",\"position\":2,\"name\":\"Impressum\"}]},{\"@type\":\"WebSite\",\"@id\":\"https:\/\/punchitgym.com\/de\/#website\",\"url\":\"https:\/\/punchitgym.com\/de\/\",\"name\":\"Punch it Muay Thai Gym Koh Samui\",\"description\":\"Muay Thai Camp Thailand - Koh Samui - Lamai\",\"potentialAction\":[{\"@type\":\"SearchAction\",\"target\":{\"@type\":\"EntryPoint\",\"urlTemplate\":\"https:\/\/punchitgym.com\/de\/?s={search_term_string}\"},\"query-input\":{\"@type\":\"PropertyValueSpecification\",\"valueRequired\":true,\"valueName\":\"search_term_string\"}}],\"inLanguage\":\"de\"}]}<\/script>\n<!-- \/ Yoast SEO plugin. -->","yoast_head_json":{"title":"Impressum - Punch it Muay Thai Gym Koh Samui","description":"Impressum von Punchit Gym mit rechtlichen Hinweisen zu Haftung, Urheberrecht und externen Links \u2013 alle Angaben ohne Gew\u00e4hr.","robots":{"index":"index","follow":"follow","max-snippet":"max-snippet:-1","max-image-preview":"max-image-preview:large","max-video-preview":"max-video-preview:-1"},"canonical":"https:\/\/punchitgym.com\/de\/impressum\/","og_locale":"de_DE","og_type":"article","og_title":"Impressum - Punch it Muay Thai Gym Koh Samui","og_description":"Impressum von Punchit Gym mit rechtlichen Hinweisen zu Haftung, Urheberrecht und externen Links \u2013 alle Angaben ohne Gew\u00e4hr.","og_url":"https:\/\/punchitgym.com\/de\/impressum\/","og_site_name":"Punch it Muay Thai Gym Koh Samui","article_publisher":"https:\/\/www.facebook.com\/punchitgym\/","article_modified_time":"2025-06-28T00:19:22+00:00","og_image":[{"width":1920,"height":450,"url":"https:\/\/punchitgym.com\/wp-content\/uploads\/2021\/03\/Impressum-Punchit-Muay-Thai-Gym.jpg","type":"image\/jpeg"}],"twitter_card":"summary_large_image","twitter_site":"@punchitgym","twitter_misc":{"Gesch\u00e4tzte Lesezeit":"2\u00a0Minuten"},"schema":{"@context":"https:\/\/schema.org","@graph":[{"@type":"WebPage","@id":"https:\/\/punchitgym.com\/de\/impressum\/","url":"https:\/\/punchitgym.com\/de\/impressum\/","name":"Impressum - Punch it Muay Thai Gym Koh Samui","isPartOf":{"@id":"https:\/\/punchitgym.com\/de\/#website"},"primaryImageOfPage":{"@id":"https:\/\/punchitgym.com\/de\/impressum\/#primaryimage"},"image":{"@id":"https:\/\/punchitgym.com\/de\/impressum\/#primaryimage"},"thumbnailUrl":"https:\/\/punchitgym.com\/wp-content\/uploads\/2021\/03\/Impressum-Punchit-Muay-Thai-Gym.jpg","datePublished":"2019-09-06T09:30:42+00:00","dateModified":"2025-06-28T00:19:22+00:00","description":"Impressum von Punchit Gym mit rechtlichen Hinweisen zu Haftung, Urheberrecht und externen Links \u2013 alle Angaben ohne Gew\u00e4hr.","breadcrumb":{"@id":"https:\/\/punchitgym.com\/de\/impressum\/#breadcrumb"},"inLanguage":"de","potentialAction":[{"@type":"ReadAction","target":["https:\/\/punchitgym.com\/de\/impressum\/"]}]},{"@type":"ImageObject","inLanguage":"de","@id":"https:\/\/punchitgym.com\/de\/impressum\/#primaryimage","url":"https:\/\/punchitgym.com\/wp-content\/uploads\/2021\/03\/Impressum-Punchit-Muay-Thai-Gym.jpg","contentUrl":"https:\/\/punchitgym.com\/wp-content\/uploads\/2021\/03\/Impressum-Punchit-Muay-Thai-Gym.jpg"},{"@type":"BreadcrumbList","@id":"https:\/\/punchitgym.com\/de\/impressum\/#breadcrumb","itemListElement":[{"@type":"ListItem","position":1,"name":"Home","item":"https:\/\/punchitgym.com\/de\/startseite\/"},{"@type":"ListItem","position":2,"name":"Impressum"}]},{"@type":"WebSite","@id":"https:\/\/punchitgym.com\/de\/#website","url":"https:\/\/punchitgym.com\/de\/","name":"Punch it Muay Thai Gym Koh Samui","description":"Muay Thai Camp Thailand - Koh Samui - Lamai","potentialAction":[{"@type":"SearchAction","target":{"@type":"EntryPoint","urlTemplate":"https:\/\/punchitgym.com\/de\/?s={search_term_string}"},"query-input":{"@type":"PropertyValueSpecification","valueRequired":true,"valueName":"search_term_string"}}],"inLanguage":"de"}]}},"_links":{"self":[{"href":"https:\/\/punchitgym.com\/de\/wp-json\/wp\/v2\/pages\/8627","targetHints":{"allow":["GET"]}}],"collection":[{"href":"https:\/\/punchitgym.com\/de\/wp-json\/wp\/v2\/pages"}],"about":[{"href":"https:\/\/punchitgym.com\/de\/wp-json\/wp\/v2\/types\/page"}],"author":[{"embeddable":true,"href":"https:\/\/punchitgym.com\/de\/wp-json\/wp\/v2\/users\/6"}],"replies":[{"embeddable":true,"href":"https:\/\/punchitgym.com\/de\/wp-json\/wp\/v2\/comments?post=8627"}],"version-history":[{"count":3,"href":"https:\/\/punchitgym.com\/de\/wp-json\/wp\/v2\/pages\/8627\/revisions"}],"predecessor-version":[{"id":31222,"href":"https:\/\/punchitgym.com\/de\/wp-json\/wp\/v2\/pages\/8627\/revisions\/31222"}],"wp:attachment":[{"href":"https:\/\/punchitgym.com\/de\/wp-json\/wp\/v2\/media?parent=8627"}],"curies":[{"name":"wp","href":"https:\/\/api.w.org\/{rel}","templated":true}]}}