{"id":31715,"date":"2025-10-08T15:21:35","date_gmt":"2025-10-08T08:21:35","guid":{"rendered":"https:\/\/punchitgym.com\/muay-thai-show\/"},"modified":"2025-10-13T13:43:53","modified_gmt":"2025-10-13T06:43:53","slug":"muay-thai-show","status":"publish","type":"page","link":"https:\/\/punchitgym.com\/de\/muay-thai-show\/","title":{"rendered":"Muay Thai Show"},"content":{"rendered":"<section class=\"l-section wpb_row height_auto width_full\"><div class=\"l-section-h i-cf\"><div class=\"g-cols vc_row via_flex valign_top type_default stacking_default\"><div class=\"vc_col-sm-12 wpb_column vc_column_container\"><div class=\"vc_column-inner\"><div class=\"wpb_wrapper\"><div class=\"w-image align_center\"><div class=\"w-image-h\"><img decoding=\"async\" width=\"2560\" height=\"740\" src=\"https:\/\/punchitgym.com\/wp-content\/uploads\/2025\/10\/Muay-Thai-Show-Muay-Thai-Boran-Performance-in-Koh-Samui-Header-01.jpg\" class=\"attachment-full size-full\" alt=\"Muay Thai Show &amp; Muay Thai Boran Performance in Koh Samui\" loading=\"lazy\" srcset=\"https:\/\/punchitgym.com\/wp-content\/uploads\/2025\/10\/Muay-Thai-Show-Muay-Thai-Boran-Performance-in-Koh-Samui-Header-01.jpg 2560w, https:\/\/punchitgym.com\/wp-content\/uploads\/2025\/10\/Muay-Thai-Show-Muay-Thai-Boran-Performance-in-Koh-Samui-Header-01-300x87.jpg 300w, https:\/\/punchitgym.com\/wp-content\/uploads\/2025\/10\/Muay-Thai-Show-Muay-Thai-Boran-Performance-in-Koh-Samui-Header-01-1024x296.jpg 1024w, https:\/\/punchitgym.com\/wp-content\/uploads\/2025\/10\/Muay-Thai-Show-Muay-Thai-Boran-Performance-in-Koh-Samui-Header-01-550x159.jpg 550w\" sizes=\"auto, (max-width: 2560px) 100vw, 2560px\" \/><\/div><\/div><\/div><\/div><\/div><\/div><\/div><\/section><section class=\"l-section wpb_row height_medium\"><div class=\"l-section-h i-cf\"><div class=\"g-cols vc_row via_flex valign_top type_default stacking_default\"><div class=\"vc_col-sm-12 wpb_column vc_column_container\"><div class=\"vc_column-inner\"><div class=\"wpb_wrapper\"><h1 class=\"w-text\"><span class=\"w-text-h\"><span class=\"w-text-value\">Muay Thai Show &amp; Muay Thai Boran Performance auf Koh Samui<\/span><\/span><\/h1><div class=\"w-separator size_small\"><\/div><div class=\"wpb_text_column\"><div class=\"wpb_wrapper\"><p>Erleben Sie die Kraft, Eleganz und Tradition der bekanntesten Kampfkunst Thailands \u2013 der Nationalsport Muay Thai \u2013 mit unserer <strong>Muay Thai Show<\/strong>: einer unvergesslichen <strong>Muay Thai Boran Performance<\/strong>, pr\u00e4sentiert vom renommierten <strong>Muay Thai Show Team<\/strong> des Punch it Gym Koh Samui.<\/p>\n<p>Unsere <strong>Muay Thai Performance<\/strong> ist weit mehr als nur eine Kampfdemonstration \u2013 sie ist eine energiegeladene, kulturelle Show, die <strong>Muay Thai Boran<\/strong> (das urspr\u00fcngliche, traditionelle Thai-Boxen), moderne Kampftechniken, traditionelle Rituale und choreografierte Elemente miteinander vereint. Die 17-min\u00fctige Show eignet sich ideal zur Unterhaltung bei <strong>Events, Hochzeiten, Geburtstagen<\/strong> oder <strong>Hotelveranstaltungen<\/strong> und vermittelt den gesamten Geist thail\u00e4ndischer Kampfkunst und Kultur.<\/p>\n<\/div><\/div><div class=\"w-video align_center ratio_16x9 has_iframe\"><div class=\"w-video-h\"><iframe title=\"Youtube video player\" src=\"\/\/www.youtube.com\/embed\/ufXnCaT8VCc?autoplay=0&controls=1&origin=https:\/\/punchitgym.com\/de\/&loop=0&mute=0\" allowfullscreen=\"1\" loading=\"lazy\"><\/iframe><\/div><\/div><div class=\"w-separator size_small\"><\/div><h2 class=\"w-text\"><span class=\"w-text-h\"><span class=\"w-text-value\">Wer wir sind: Das Muay Thai Show Team vom Punch it Gym Koh Samui<\/span><\/span><\/h2><div class=\"w-separator size_small\"><\/div><div class=\"wpb_text_column\"><div class=\"wpb_wrapper\"><p>Unser <strong>Muay Thai Show Team<\/strong> besteht aus 8 professionellen K\u00e4mpfern und Trainern, die aktiv im Wettkampf stehen und t\u00e4glich im <strong>Punch it Gym Koh Samui<\/strong> unterrichten \u2013 einem von nur <strong>drei Muay Thai Gyms in ganz Thailand<\/strong>, das von der <strong>thail\u00e4ndischen Regierung offiziell als eines der professionellsten Muay Thai Gyms des Landes anerkannt<\/strong> wurde.<\/p>\n<p>Diese seltene und angesehene Auszeichnung unterstreicht unser tiefes Engagement f\u00fcr authentisches Muay Thai, h\u00f6chste Professionalit\u00e4t und Exzellenz. Jede <strong>Muay Thai Show<\/strong> wird von einem Team aus f\u00fcnf Personen durchgef\u00fchrt: vier erfahrene K\u00e4mpfer\/Trainer und ein Teammitglied zur Unterst\u00fctzung \u2013 f\u00fcr maximale Sicherheit und eine erstklassige <strong>Muay Thai Boran Performance<\/strong> bei jedem Event.<\/p>\n<\/div><\/div><div class=\"w-separator size_small\"><\/div><div class=\"w-gallery fit_cover type_grid action_popup_image ratio_16x9 count_4\" style=\"--columns:2;--items-gap:10px;\"><div class=\"w-gallery-list\"><div class=\"w-gallery-item\"><div class=\"w-gallery-item-img\"><img loading=\"lazy\" decoding=\"async\" width=\"1600\" height=\"900\" src=\"https:\/\/punchitgym.com\/wp-content\/uploads\/2025\/10\/Muay-Thai-Show-Muay-Thai-Boran-Performance-in-Koh-Samui-02.jpg\" class=\"attachment-full size-full\" alt=\"\" srcset=\"https:\/\/punchitgym.com\/wp-content\/uploads\/2025\/10\/Muay-Thai-Show-Muay-Thai-Boran-Performance-in-Koh-Samui-02.jpg 1600w, https:\/\/punchitgym.com\/wp-content\/uploads\/2025\/10\/Muay-Thai-Show-Muay-Thai-Boran-Performance-in-Koh-Samui-02-300x169.jpg 300w, https:\/\/punchitgym.com\/wp-content\/uploads\/2025\/10\/Muay-Thai-Show-Muay-Thai-Boran-Performance-in-Koh-Samui-02-1024x576.jpg 1024w, https:\/\/punchitgym.com\/wp-content\/uploads\/2025\/10\/Muay-Thai-Show-Muay-Thai-Boran-Performance-in-Koh-Samui-02-550x309.jpg 550w\" sizes=\"auto, (max-width: 1600px) 100vw, 1600px\" \/><\/div><a class=\"w-gallery-item-link\" aria-label=\"Muay Thai Show &amp; Muay Thai Boran Performance in Koh Samui 02\" href=\"https:\/\/punchitgym.com\/wp-content\/uploads\/2025\/10\/Muay-Thai-Show-Muay-Thai-Boran-Performance-in-Koh-Samui-02.jpg\"><\/a><\/div><div class=\"w-gallery-item\"><div class=\"w-gallery-item-img\"><img loading=\"lazy\" decoding=\"async\" width=\"1600\" height=\"900\" src=\"https:\/\/punchitgym.com\/wp-content\/uploads\/2025\/10\/Muay-Thai-Show-Muay-Thai-Boran-Performance-in-Koh-Samui-03.jpg\" class=\"attachment-full size-full\" alt=\"\" srcset=\"https:\/\/punchitgym.com\/wp-content\/uploads\/2025\/10\/Muay-Thai-Show-Muay-Thai-Boran-Performance-in-Koh-Samui-03.jpg 1600w, https:\/\/punchitgym.com\/wp-content\/uploads\/2025\/10\/Muay-Thai-Show-Muay-Thai-Boran-Performance-in-Koh-Samui-03-300x169.jpg 300w, https:\/\/punchitgym.com\/wp-content\/uploads\/2025\/10\/Muay-Thai-Show-Muay-Thai-Boran-Performance-in-Koh-Samui-03-1024x576.jpg 1024w, https:\/\/punchitgym.com\/wp-content\/uploads\/2025\/10\/Muay-Thai-Show-Muay-Thai-Boran-Performance-in-Koh-Samui-03-550x309.jpg 550w\" sizes=\"auto, (max-width: 1600px) 100vw, 1600px\" \/><\/div><a class=\"w-gallery-item-link\" aria-label=\"Muay Thai Show &amp; Muay Thai Boran Performance in Koh Samui 03\" href=\"https:\/\/punchitgym.com\/wp-content\/uploads\/2025\/10\/Muay-Thai-Show-Muay-Thai-Boran-Performance-in-Koh-Samui-03.jpg\"><\/a><\/div><div class=\"w-gallery-item\"><div class=\"w-gallery-item-img\"><img loading=\"lazy\" decoding=\"async\" width=\"1600\" height=\"900\" src=\"https:\/\/punchitgym.com\/wp-content\/uploads\/2025\/10\/Muay-Thai-Show-Muay-Thai-Boran-Performance-in-Koh-Samui-04.jpg\" class=\"attachment-full size-full\" alt=\"\" srcset=\"https:\/\/punchitgym.com\/wp-content\/uploads\/2025\/10\/Muay-Thai-Show-Muay-Thai-Boran-Performance-in-Koh-Samui-04.jpg 1600w, https:\/\/punchitgym.com\/wp-content\/uploads\/2025\/10\/Muay-Thai-Show-Muay-Thai-Boran-Performance-in-Koh-Samui-04-300x169.jpg 300w, https:\/\/punchitgym.com\/wp-content\/uploads\/2025\/10\/Muay-Thai-Show-Muay-Thai-Boran-Performance-in-Koh-Samui-04-1024x576.jpg 1024w, https:\/\/punchitgym.com\/wp-content\/uploads\/2025\/10\/Muay-Thai-Show-Muay-Thai-Boran-Performance-in-Koh-Samui-04-550x309.jpg 550w\" sizes=\"auto, (max-width: 1600px) 100vw, 1600px\" \/><\/div><a class=\"w-gallery-item-link\" aria-label=\"Muay Thai Show &amp; Muay Thai Boran Performance in Koh Samui 04\" href=\"https:\/\/punchitgym.com\/wp-content\/uploads\/2025\/10\/Muay-Thai-Show-Muay-Thai-Boran-Performance-in-Koh-Samui-04.jpg\"><\/a><\/div><div class=\"w-gallery-item\"><div class=\"w-gallery-item-img\"><img loading=\"lazy\" decoding=\"async\" width=\"1600\" height=\"900\" src=\"https:\/\/punchitgym.com\/wp-content\/uploads\/2025\/10\/Muay-Thai-Show-Muay-Thai-Boran-Performance-in-Koh-Samui-05.jpg\" class=\"attachment-full size-full\" alt=\"\" srcset=\"https:\/\/punchitgym.com\/wp-content\/uploads\/2025\/10\/Muay-Thai-Show-Muay-Thai-Boran-Performance-in-Koh-Samui-05.jpg 1600w, https:\/\/punchitgym.com\/wp-content\/uploads\/2025\/10\/Muay-Thai-Show-Muay-Thai-Boran-Performance-in-Koh-Samui-05-300x169.jpg 300w, https:\/\/punchitgym.com\/wp-content\/uploads\/2025\/10\/Muay-Thai-Show-Muay-Thai-Boran-Performance-in-Koh-Samui-05-1024x576.jpg 1024w, https:\/\/punchitgym.com\/wp-content\/uploads\/2025\/10\/Muay-Thai-Show-Muay-Thai-Boran-Performance-in-Koh-Samui-05-550x309.jpg 550w\" sizes=\"auto, (max-width: 1600px) 100vw, 1600px\" \/><\/div><a class=\"w-gallery-item-link\" aria-label=\"Muay Thai Show &amp; Muay Thai Boran Performance in Koh Samui 05\" href=\"https:\/\/punchitgym.com\/wp-content\/uploads\/2025\/10\/Muay-Thai-Show-Muay-Thai-Boran-Performance-in-Koh-Samui-05.jpg\"><\/a><\/div><\/div><\/div><div class=\"w-separator size_small\"><\/div><h2 class=\"w-text\"><span class=\"w-text-h\"><span class=\"w-text-value\">\u00dcber die Muay Thai Show Performance<\/span><\/span><\/h2><div class=\"w-separator size_small\"><\/div><div class=\"g-cols wpb_row via_flex valign_top type_default stacking_default\"><div class=\"vc_col-sm-6 wpb_column vc_column_container\"><div class=\"vc_column-inner\"><div class=\"wpb_wrapper\"><div class=\"wpb_text_column\"><div class=\"wpb_wrapper\"><p>Die Performance ist sorgf\u00e4ltig aufgebaut und deckt das gesamte Spektrum einer traditionellen <strong>Muay Thai Boran Show<\/strong> ab:<\/p>\n<ul>\n<li><strong>Wai Khru Ram Muay Ritual<\/strong> \u2013 Ein traditioneller Tanz zu Ehren der Lehrer und Vorfahren<\/li>\n<li><strong>Traditionelle Muay Thai Boran Techniken<\/strong> \u2013 Pr\u00e4sentation antiker Kampfstile<\/li>\n<li><strong>Modernes Muay Thai Sparring &amp; Kombinationen<\/strong> \u2013 Dynamische und realistische Showelemente<\/li>\n<li><strong>Pratzenarbeit &amp; Techniktraining<\/strong> \u2013 Einblick in das Training echter K\u00e4mpfer<\/li>\n<li><strong>Interaktion &amp; Fotom\u00f6glichkeit mit dem Publikum<\/strong> \u2013 G\u00e4ste k\u00f6nnen nach der Show Fotos mit den K\u00e4mpfern machen<\/li>\n<\/ul>\n<p>Jeder Showteil wird kurz und verst\u00e4ndlich auf <strong>Englisch erkl\u00e4rt<\/strong>, sodass auch internationale Zuschauer die kulturelle Bedeutung nachvollziehen k\u00f6nnen.<\/p>\n<\/div><\/div><\/div><\/div><\/div><div class=\"vc_col-sm-6 wpb_column vc_column_container\"><div class=\"vc_column-inner\"><div class=\"wpb_wrapper\"><div class=\"wpb_text_column\"><div class=\"wpb_wrapper\"><p><strong>Anforderungen &amp; Buchungsinformationen<\/strong><\/p>\n<p>Wenn Sie unsere <strong>Muay Thai Show auf Koh Samui<\/strong> buchen m\u00f6chten, beachten Sie bitte folgende Anforderungen:<\/p>\n<ul>\n<li><strong>Mindestfl\u00e4che<\/strong>: 5 x 5 Meter (ebener Boden, Indoor oder Outdoor m\u00f6glich)<\/li>\n<li><strong>Wir bringen mit<\/strong>: Sch\u00fctzende Matten und kleine Lautsprecher (wenn vorhanden, gerne auch \u00fcber Ihre Technik)<\/li>\n<li><strong>Licht\/Ausleuchtung<\/strong>: Muss vom Veranstalter bereitgestellt werden<\/li>\n<li><strong>Auf ganz Koh Samui<\/strong> verf\u00fcgbar \u2013 Anfahrt im Preis enthalten<\/li>\n<li><strong>Ankunftszeit<\/strong>: Unser Team trifft 1 Stunde vor Showbeginn ein<\/li>\n<li><strong>Dauer<\/strong>: 17 Minuten Show + 20 Minuten optionale Fotom\u00f6glichkeit mit G\u00e4sten<\/li>\n<li><strong>Abbau &amp; Abfahrt<\/strong>: Das Team verl\u00e4sst die Location ca. 30 Minuten nach Ende der Show<\/li>\n<li><strong>Optional<\/strong>: Der Veranstalter kann das Team nach der Show gerne auf ein Getr\u00e4nk oder Essen einladen<\/li>\n<\/ul>\n<p>Wir bieten <strong>Muay Thai Shows auf der gesamten Insel Koh Samui<\/strong> an \u2013 <strong>Auftritte au\u00dferhalb von Koh Samui sind auf Anfrage ebenfalls m\u00f6glich<\/strong>.<\/p>\n<\/div><\/div><\/div><\/div><\/div><\/div><div class=\"w-separator size_small\"><\/div><div class=\"wpb_text_column us_custom_a458e0fc\"><div class=\"wpb_wrapper\"><p><strong>Preis &amp; Buchungsbedingungen<\/strong><\/p>\n<ul>\n<li><strong>Preis pro Show: 10.000 THB<\/strong> (inkl. 5-k\u00f6pfigem Team, Anfahrt und Equipment \u2013 exkl. Beleuchtung)<\/li>\n<li><strong>Vorausbuchung:<\/strong>\n<ul>\n<li>Mindestens 7 Tage im Voraus<\/li>\n<li>In der <strong>Hochsaison<\/strong> empfehlen wir eine Buchung <strong>1 Monat im Voraus<\/strong><\/li>\n<\/ul>\n<\/li>\n<\/ul>\n<p><strong>So buchen Sie die Punch it Muay Thai Show<\/strong><\/p>\n<p>Um Ihre <strong>Muay Thai Performance auf Koh Samui<\/strong> zu buchen, kontaktieren Sie uns einfach per E-Mail: <a href=\"mailto:booking@punchitgym.com\">booking@punchitgym.com<\/a>.<\/p>\n<\/div><\/div><\/div><\/div><\/div><\/div><\/div><\/section>\n","protected":false},"excerpt":{"rendered":"Muay Thai Show &amp; Muay Thai Boran Performance auf Koh SamuiErleben Sie die Kraft, Eleganz und Tradition der bekanntesten Kampfkunst Thailands \u2013 der Nationalsport Muay Thai \u2013 mit unserer Muay Thai Show: einer unvergesslichen Muay Thai Boran Performance, pr\u00e4sentiert vom renommierten Muay Thai Show Team des Punch it Gym Koh Samui. Unsere Muay Thai Performance...","protected":false},"author":6,"featured_media":0,"parent":0,"menu_order":0,"comment_status":"closed","ping_status":"closed","template":"","meta":{"_acf_changed":false,"footnotes":""},"class_list":["post-31715","page","type-page","status-publish","hentry"],"acf":[],"yoast_head":"<!-- This site is optimized with the Yoast SEO plugin v27.2 - https:\/\/yoast.com\/product\/yoast-seo-wordpress\/ -->\n<title>Muay Thai Show &amp; Muay Thai Boran Performance auf Koh Samui<\/title>\n<meta name=\"description\" content=\"Erleben Sie Thailands Kulturerbe mit einer spannenden 17-min\u00fctigen Muay Thai Boran-Show von Punch it Gym Koh Samui \u2013 Kraft, Kunst und Tradition vereint.\" \/>\n<meta name=\"robots\" content=\"index, follow, max-snippet:-1, max-image-preview:large, max-video-preview:-1\" \/>\n<link rel=\"canonical\" href=\"https:\/\/punchitgym.com\/de\/muay-thai-show\/\" \/>\n<meta property=\"og:locale\" content=\"de_DE\" \/>\n<meta property=\"og:type\" content=\"article\" \/>\n<meta property=\"og:title\" content=\"Muay Thai Show &amp; Muay Thai Boran Performance auf Koh Samui\" \/>\n<meta property=\"og:description\" content=\"Erleben Sie Thailands Kulturerbe mit einer spannenden 17-min\u00fctigen Muay Thai Boran-Show von Punch it Gym Koh Samui \u2013 Kraft, Kunst und Tradition vereint.\" \/>\n<meta property=\"og:url\" content=\"https:\/\/punchitgym.com\/de\/muay-thai-show\/\" \/>\n<meta property=\"og:site_name\" content=\"Punch it Muay Thai Gym Koh Samui\" \/>\n<meta property=\"article:publisher\" content=\"https:\/\/www.facebook.com\/punchitgym\/\" \/>\n<meta property=\"article:modified_time\" content=\"2025-10-13T06:43:53+00:00\" \/>\n<meta name=\"twitter:card\" content=\"summary_large_image\" \/>\n<meta name=\"twitter:site\" content=\"@punchitgym\" \/>\n<meta name=\"twitter:label1\" content=\"Gesch\u00e4tzte Lesezeit\" \/>\n\t<meta name=\"twitter:data1\" content=\"3\u00a0Minuten\" \/>\n<script type=\"application\/ld+json\" class=\"yoast-schema-graph\">{\"@context\":\"https:\/\/schema.org\",\"@graph\":[{\"@type\":\"WebPage\",\"@id\":\"https:\/\/punchitgym.com\/de\/muay-thai-show\/\",\"url\":\"https:\/\/punchitgym.com\/de\/muay-thai-show\/\",\"name\":\"Muay Thai Show & Muay Thai Boran Performance auf Koh Samui\",\"isPartOf\":{\"@id\":\"https:\/\/punchitgym.com\/de\/#website\"},\"datePublished\":\"2025-10-08T08:21:35+00:00\",\"dateModified\":\"2025-10-13T06:43:53+00:00\",\"description\":\"Erleben Sie Thailands Kulturerbe mit einer spannenden 17-min\u00fctigen Muay Thai Boran-Show von Punch it Gym Koh Samui \u2013 Kraft, Kunst und Tradition vereint.\",\"breadcrumb\":{\"@id\":\"https:\/\/punchitgym.com\/de\/muay-thai-show\/#breadcrumb\"},\"inLanguage\":\"de\",\"potentialAction\":[{\"@type\":\"ReadAction\",\"target\":[\"https:\/\/punchitgym.com\/de\/muay-thai-show\/\"]}]},{\"@type\":\"BreadcrumbList\",\"@id\":\"https:\/\/punchitgym.com\/de\/muay-thai-show\/#breadcrumb\",\"itemListElement\":[{\"@type\":\"ListItem\",\"position\":1,\"name\":\"Home\",\"item\":\"https:\/\/punchitgym.com\/de\/startseite\/\"},{\"@type\":\"ListItem\",\"position\":2,\"name\":\"Muay Thai Show\"}]},{\"@type\":\"WebSite\",\"@id\":\"https:\/\/punchitgym.com\/de\/#website\",\"url\":\"https:\/\/punchitgym.com\/de\/\",\"name\":\"Punch it Muay Thai Gym Koh Samui\",\"description\":\"Muay Thai Camp Thailand - Koh Samui - Lamai\",\"potentialAction\":[{\"@type\":\"SearchAction\",\"target\":{\"@type\":\"EntryPoint\",\"urlTemplate\":\"https:\/\/punchitgym.com\/de\/?s={search_term_string}\"},\"query-input\":{\"@type\":\"PropertyValueSpecification\",\"valueRequired\":true,\"valueName\":\"search_term_string\"}}],\"inLanguage\":\"de\"}]}<\/script>\n<!-- \/ Yoast SEO plugin. -->","yoast_head_json":{"title":"Muay Thai Show & Muay Thai Boran Performance auf Koh Samui","description":"Erleben Sie Thailands Kulturerbe mit einer spannenden 17-min\u00fctigen Muay Thai Boran-Show von Punch it Gym Koh Samui \u2013 Kraft, Kunst und Tradition vereint.","robots":{"index":"index","follow":"follow","max-snippet":"max-snippet:-1","max-image-preview":"max-image-preview:large","max-video-preview":"max-video-preview:-1"},"canonical":"https:\/\/punchitgym.com\/de\/muay-thai-show\/","og_locale":"de_DE","og_type":"article","og_title":"Muay Thai Show & Muay Thai Boran Performance auf Koh Samui","og_description":"Erleben Sie Thailands Kulturerbe mit einer spannenden 17-min\u00fctigen Muay Thai Boran-Show von Punch it Gym Koh Samui \u2013 Kraft, Kunst und Tradition vereint.","og_url":"https:\/\/punchitgym.com\/de\/muay-thai-show\/","og_site_name":"Punch it Muay Thai Gym Koh Samui","article_publisher":"https:\/\/www.facebook.com\/punchitgym\/","article_modified_time":"2025-10-13T06:43:53+00:00","twitter_card":"summary_large_image","twitter_site":"@punchitgym","twitter_misc":{"Gesch\u00e4tzte Lesezeit":"3\u00a0Minuten"},"schema":{"@context":"https:\/\/schema.org","@graph":[{"@type":"WebPage","@id":"https:\/\/punchitgym.com\/de\/muay-thai-show\/","url":"https:\/\/punchitgym.com\/de\/muay-thai-show\/","name":"Muay Thai Show & Muay Thai Boran Performance auf Koh Samui","isPartOf":{"@id":"https:\/\/punchitgym.com\/de\/#website"},"datePublished":"2025-10-08T08:21:35+00:00","dateModified":"2025-10-13T06:43:53+00:00","description":"Erleben Sie Thailands Kulturerbe mit einer spannenden 17-min\u00fctigen Muay Thai Boran-Show von Punch it Gym Koh Samui \u2013 Kraft, Kunst und Tradition vereint.","breadcrumb":{"@id":"https:\/\/punchitgym.com\/de\/muay-thai-show\/#breadcrumb"},"inLanguage":"de","potentialAction":[{"@type":"ReadAction","target":["https:\/\/punchitgym.com\/de\/muay-thai-show\/"]}]},{"@type":"BreadcrumbList","@id":"https:\/\/punchitgym.com\/de\/muay-thai-show\/#breadcrumb","itemListElement":[{"@type":"ListItem","position":1,"name":"Home","item":"https:\/\/punchitgym.com\/de\/startseite\/"},{"@type":"ListItem","position":2,"name":"Muay Thai Show"}]},{"@type":"WebSite","@id":"https:\/\/punchitgym.com\/de\/#website","url":"https:\/\/punchitgym.com\/de\/","name":"Punch it Muay Thai Gym Koh Samui","description":"Muay Thai Camp Thailand - Koh Samui - Lamai","potentialAction":[{"@type":"SearchAction","target":{"@type":"EntryPoint","urlTemplate":"https:\/\/punchitgym.com\/de\/?s={search_term_string}"},"query-input":{"@type":"PropertyValueSpecification","valueRequired":true,"valueName":"search_term_string"}}],"inLanguage":"de"}]}},"_links":{"self":[{"href":"https:\/\/punchitgym.com\/de\/wp-json\/wp\/v2\/pages\/31715","targetHints":{"allow":["GET"]}}],"collection":[{"href":"https:\/\/punchitgym.com\/de\/wp-json\/wp\/v2\/pages"}],"about":[{"href":"https:\/\/punchitgym.com\/de\/wp-json\/wp\/v2\/types\/page"}],"author":[{"embeddable":true,"href":"https:\/\/punchitgym.com\/de\/wp-json\/wp\/v2\/users\/6"}],"replies":[{"embeddable":true,"href":"https:\/\/punchitgym.com\/de\/wp-json\/wp\/v2\/comments?post=31715"}],"version-history":[{"count":4,"href":"https:\/\/punchitgym.com\/de\/wp-json\/wp\/v2\/pages\/31715\/revisions"}],"predecessor-version":[{"id":31726,"href":"https:\/\/punchitgym.com\/de\/wp-json\/wp\/v2\/pages\/31715\/revisions\/31726"}],"wp:attachment":[{"href":"https:\/\/punchitgym.com\/de\/wp-json\/wp\/v2\/media?parent=31715"}],"curies":[{"name":"wp","href":"https:\/\/api.w.org\/{rel}","templated":true}]}}