{"id":30934,"date":"2025-02-03T15:47:46","date_gmt":"2025-02-03T08:47:46","guid":{"rendered":"https:\/\/punchitgym.com\/privates-fotoshooting\/"},"modified":"2025-06-27T20:23:09","modified_gmt":"2025-06-27T13:23:09","slug":"privates-fotoshooting","status":"publish","type":"page","link":"https:\/\/punchitgym.com\/de\/privates-fotoshooting\/","title":{"rendered":"Privates Fotoshooting"},"content":{"rendered":"<section class=\"l-section wpb_row height_auto width_full\"><div class=\"l-section-h i-cf\"><div class=\"g-cols vc_row via_flex valign_top type_default stacking_default\"><div class=\"vc_col-sm-12 wpb_column vc_column_container\"><div class=\"vc_column-inner\"><div class=\"wpb_wrapper\"><div class=\"w-image align_center\"><div class=\"w-image-h\"><img decoding=\"async\" width=\"1920\" height=\"400\" src=\"https:\/\/punchitgym.com\/wp-content\/uploads\/2025\/01\/Privates-Photoshooting-Header.jpg\" class=\"attachment-full size-full\" alt=\"Privates Photoshooting\" loading=\"lazy\" srcset=\"https:\/\/punchitgym.com\/wp-content\/uploads\/2025\/01\/Privates-Photoshooting-Header.jpg 1920w, https:\/\/punchitgym.com\/wp-content\/uploads\/2025\/01\/Privates-Photoshooting-Header-300x63.jpg 300w, https:\/\/punchitgym.com\/wp-content\/uploads\/2025\/01\/Privates-Photoshooting-Header-1024x213.jpg 1024w, https:\/\/punchitgym.com\/wp-content\/uploads\/2025\/01\/Privates-Photoshooting-Header-550x115.jpg 550w\" sizes=\"auto, (max-width: 1920px) 100vw, 1920px\" \/><\/div><\/div><\/div><\/div><\/div><\/div><\/div><\/section><section class=\"l-section wpb_row height_medium\"><div class=\"l-section-h i-cf\"><div class=\"g-cols vc_row via_flex valign_top type_default stacking_default\"><div class=\"vc_col-sm-12 wpb_column vc_column_container\"><div class=\"vc_column-inner\"><div class=\"wpb_wrapper\"><div class=\"wpb_text_column us_custom_c121298c\"><div class=\"wpb_wrapper\"><h1 style=\"text-align: center; font-size: clamp(2rem, 1.7037rem + 1.4815vw, 3rem);\">Privates Fotoshooting<br \/>\nmit pers\u00f6nlichem Fotografen<\/h1>\n<\/div><\/div><div class=\"w-text us_custom_f168c95a\"><span class=\"w-text-h\"><span class=\"w-text-value\">Halte deine Muay Thai-Reise mit einem personalisierten privaten Fotoshooting f\u00fcr die Ewigkeit fest!<\/span><\/span><\/div><div class=\"w-separator size_small\"><\/div><div class=\"wpb_text_column\"><div class=\"wpb_wrapper\"><p>Tritt ins Rampenlicht, und lass uns deine Muay Thai-Reise in ihrer vollen Pracht festhalten! Wir freuen uns, dir die exklusive M\u00f6glichkeit zu bieten, eine private Fotosession speziell f\u00fcr dich im Punch it Gym zu buchen. Egal, ob du ein erfahrener K\u00e4mpfer oder ein leidenschaftlicher Anf\u00e4nger bist \u2013 unser professioneller Fotograf wird an deiner Seite sein und jeden kraftvollen Schlag, jeden schnellen Tritt und jeden entschlossenen Ausdruck festhalten, der deine Hingabe und harte Arbeit widerspiegelt.<\/p>\n<p><strong>Was erwartet dich?<\/strong><\/p>\n<p>W\u00e4hrend dieser einst\u00fcndigen Session wird unser talentierter Fotograf dein Training begleiten und atemberaubende, actionreiche Aufnahmen mit Kreativit\u00e4t und Expertise erstellen. Du erh\u00e4ltst 30-40 hochaufl\u00f6sende, professionell bearbeitete Bilder, die die Essenz deines Trainings perfekt einfangen. Diese Bilder werden dir in ihrer Originalaufl\u00f6sung \u00fcber einen praktischen Drive-Link zur Verf\u00fcgung gestellt, damit du sie in bester Qualit\u00e4t genie\u00dfen kannst.<\/p>\n<p><strong>Flexibilit\u00e4t und Komfort:<\/strong><\/p>\n<p>Um deinen individuellen Trainingsplan zu ber\u00fccksichtigen, kann das Fotoshooting entweder w\u00e4hrend eines Gruppentrainings oder einer privaten Trainingseinheit stattfinden. Diese Flexibilit\u00e4t erm\u00f6glicht es dir, deine F\u00e4higkeiten und deine Leidenschaft f\u00fcr Muay Thai in der Umgebung zu pr\u00e4sentieren, in der du dich am wohlsten und selbstbewusstesten f\u00fchlst.<\/p>\n<\/div><\/div><div class=\"g-cols wpb_row via_flex valign_top type_default stacking_default\"><div class=\"vc_col-sm-6 wpb_column vc_column_container\"><div class=\"vc_column-inner\"><div class=\"wpb_wrapper\"><div class=\"wpb_text_column\"><div class=\"wpb_wrapper\"><p><strong>So buchst du:<\/strong><\/p>\n<p>Die Buchung deines privaten Fotoshootings ist ganz einfach! Besuche einfach unser B\u00fcro im Punch it Shop, teile uns dein gew\u00fcnschtes Datum und deine Uhrzeit mit, und wir k\u00fcmmern uns um den Rest. Du kannst auch direkt online \u00fcber unsere App buchen.<\/p>\n<p><strong>Wichtiger Hinweis:<\/strong><\/p>\n<p>Bitte beachte, dass diese Session ausschlie\u00dflich f\u00fcr Fotografie gedacht ist. Wir bieten keine Videodienstleistungen f\u00fcr diese privaten Fotoshootings an.<\/p>\n<p>Bringe deine Reise auf die n\u00e4chste Stufe und lass uns deine Geschichte in beeindruckenden Fotos festhalten!<\/p>\n<\/div><\/div><\/div><\/div><\/div><div class=\"vc_col-sm-6 wpb_column vc_column_container\"><div class=\"vc_column-inner\"><div class=\"wpb_wrapper\"><div class=\"w-vwrapper align_center valign_middle\" style=\"--vwrapper-gap:0.7rem\"><div class=\"w-text us_custom_9437736b\"><span class=\"w-text-h\"><span class=\"w-text-value\">Fotoshooting bei Privatstunden &#8211; \u0e3f1500<\/span><\/span><\/div><div class=\"w-text us_custom_9437736b\"><span class=\"w-text-h\"><span class=\"w-text-value\">Fotoshooting bei einem Stadionevent (Kampf) &#8211; \u0e3f2000<\/span><\/span><\/div><div class=\"w-separator size_medium with_line width_30 thick_1 style_solid color_border align_center\"><div class=\"w-separator-h\"><\/div><\/div><div class=\"w-iconbox us_custom_345c8b9d has_text_color iconpos_top style_default color_contrast align_center no_text\"><a title=\"Punch it Gym f\u00fcr Android\" target=\"_blank\" href=\"https:\/\/play.google.com\/store\/apps\/details?id=ie.zappy.fennec.punchitgym&amp;pcampaignid\" class=\"w-iconbox-link\" aria-label=\"Punch it Gym f\u00fcr Android\"><div class=\"w-iconbox-icon\" style=\"font-size:26px;\"><i class=\"fab fa-google-play\"><\/i><\/div><\/a><div class=\"w-iconbox-meta\"><p class=\"w-iconbox-title\" style=\"font-size:18px;\"><a title=\"Punch it Gym f\u00fcr Android\" target=\"_blank\" href=\"https:\/\/play.google.com\/store\/apps\/details?id=ie.zappy.fennec.punchitgym&amp;pcampaignid\" class=\"w-iconbox-link\" aria-label=\"Punch it Gym f\u00fcr Android\">Punch it Gym f\u00fcr Android<\/a><\/p><\/div><\/div><div class=\"w-iconbox us_custom_345c8b9d has_text_color iconpos_top style_default color_contrast align_center no_text\"><a title=\"Punch it Gym App f\u00fcr iPhone\" target=\"_blank\" href=\"https:\/\/apps.apple.com\/de\/app\/punch-it-gym\/id6468572115\" class=\"w-iconbox-link\" aria-label=\"Punch it Gym App f\u00fcr iPhone\"><div class=\"w-iconbox-icon\" style=\"font-size:26px;\"><i class=\"fab fa-apple\"><\/i><\/div><\/a><div class=\"w-iconbox-meta\"><p class=\"w-iconbox-title\" style=\"font-size:18px;\"><a title=\"Punch it Gym App f\u00fcr iPhone\" target=\"_blank\" href=\"https:\/\/apps.apple.com\/de\/app\/punch-it-gym\/id6468572115\" class=\"w-iconbox-link\" aria-label=\"Punch it Gym App f\u00fcr iPhone\">Punch it Gym App f\u00fcr iPhone<\/a><\/p><\/div><\/div><\/div><\/div><\/div><\/div><\/div><\/div><\/div><\/div><\/div><\/div><\/section>\n","protected":false},"excerpt":{"rendered":"Privates Fotoshooting mit pers\u00f6nlichem Fotografen Halte deine Muay Thai-Reise mit einem personalisierten privaten Fotoshooting f\u00fcr die Ewigkeit fest!Tritt ins Rampenlicht, und lass uns deine Muay Thai-Reise in ihrer vollen Pracht festhalten! Wir freuen uns, dir die exklusive M\u00f6glichkeit zu bieten, eine private Fotosession speziell f\u00fcr dich im Punch it Gym zu buchen. Egal, ob du...","protected":false},"author":6,"featured_media":0,"parent":0,"menu_order":0,"comment_status":"closed","ping_status":"closed","template":"","meta":{"_acf_changed":false,"footnotes":""},"class_list":["post-30934","page","type-page","status-publish","hentry"],"acf":[],"yoast_head":"<!-- This site is optimized with the Yoast SEO plugin v27.5 - https:\/\/yoast.com\/product\/yoast-seo-wordpress\/ -->\n<title>Privates Fotoshooting - Punch it Muay Thai Gym Koh Samui<\/title>\n<meta name=\"description\" content=\"Buche dein privates Muay Thai Fotoshooting im Punch it Gym \u2013 erhalte 30\u201340 Profi-Fotos deiner Kicks, Schl\u00e4ge und Trainingsmomente!\" \/>\n<meta name=\"robots\" content=\"index, follow, max-snippet:-1, max-image-preview:large, max-video-preview:-1\" \/>\n<link rel=\"canonical\" href=\"https:\/\/punchitgym.com\/de\/privates-fotoshooting\/\" \/>\n<meta property=\"og:locale\" content=\"de_DE\" \/>\n<meta property=\"og:type\" content=\"article\" \/>\n<meta property=\"og:title\" content=\"Privates Fotoshooting - Punch it Muay Thai Gym Koh Samui\" \/>\n<meta property=\"og:description\" content=\"Buche dein privates Muay Thai Fotoshooting im Punch it Gym \u2013 erhalte 30\u201340 Profi-Fotos deiner Kicks, Schl\u00e4ge und Trainingsmomente!\" \/>\n<meta property=\"og:url\" content=\"https:\/\/punchitgym.com\/de\/privates-fotoshooting\/\" \/>\n<meta property=\"og:site_name\" content=\"Punch it Muay Thai Gym Koh Samui\" \/>\n<meta property=\"article:publisher\" content=\"https:\/\/www.facebook.com\/punchitgym\/\" \/>\n<meta property=\"article:modified_time\" content=\"2025-06-27T13:23:09+00:00\" \/>\n<meta name=\"twitter:card\" content=\"summary_large_image\" \/>\n<meta name=\"twitter:site\" content=\"@punchitgym\" \/>\n<meta name=\"twitter:label1\" content=\"Gesch\u00e4tzte Lesezeit\" \/>\n\t<meta name=\"twitter:data1\" content=\"2\u00a0Minuten\" \/>\n<script type=\"application\/ld+json\" class=\"yoast-schema-graph\">{\"@context\":\"https:\\\/\\\/schema.org\",\"@graph\":[{\"@type\":\"WebPage\",\"@id\":\"https:\\\/\\\/punchitgym.com\\\/de\\\/privates-fotoshooting\\\/\",\"url\":\"https:\\\/\\\/punchitgym.com\\\/de\\\/privates-fotoshooting\\\/\",\"name\":\"Privates Fotoshooting - Punch it Muay Thai Gym Koh Samui\",\"isPartOf\":{\"@id\":\"https:\\\/\\\/punchitgym.com\\\/de\\\/#website\"},\"datePublished\":\"2025-02-03T08:47:46+00:00\",\"dateModified\":\"2025-06-27T13:23:09+00:00\",\"description\":\"Buche dein privates Muay Thai Fotoshooting im Punch it Gym \u2013 erhalte 30\u201340 Profi-Fotos deiner Kicks, Schl\u00e4ge und Trainingsmomente!\",\"breadcrumb\":{\"@id\":\"https:\\\/\\\/punchitgym.com\\\/de\\\/privates-fotoshooting\\\/#breadcrumb\"},\"inLanguage\":\"de\",\"potentialAction\":[{\"@type\":\"ReadAction\",\"target\":[\"https:\\\/\\\/punchitgym.com\\\/de\\\/privates-fotoshooting\\\/\"]}]},{\"@type\":\"BreadcrumbList\",\"@id\":\"https:\\\/\\\/punchitgym.com\\\/de\\\/privates-fotoshooting\\\/#breadcrumb\",\"itemListElement\":[{\"@type\":\"ListItem\",\"position\":1,\"name\":\"Home\",\"item\":\"https:\\\/\\\/punchitgym.com\\\/de\\\/startseite\\\/\"},{\"@type\":\"ListItem\",\"position\":2,\"name\":\"Privates Fotoshooting\"}]},{\"@type\":\"WebSite\",\"@id\":\"https:\\\/\\\/punchitgym.com\\\/de\\\/#website\",\"url\":\"https:\\\/\\\/punchitgym.com\\\/de\\\/\",\"name\":\"Punch it Muay Thai Gym Koh Samui\",\"description\":\"Muay Thai Camp Thailand - Koh Samui - Lamai\",\"potentialAction\":[{\"@type\":\"SearchAction\",\"target\":{\"@type\":\"EntryPoint\",\"urlTemplate\":\"https:\\\/\\\/punchitgym.com\\\/de\\\/?s={search_term_string}\"},\"query-input\":{\"@type\":\"PropertyValueSpecification\",\"valueRequired\":true,\"valueName\":\"search_term_string\"}}],\"inLanguage\":\"de\"}]}<\/script>\n<!-- \/ Yoast SEO plugin. -->","yoast_head_json":{"title":"Privates Fotoshooting - Punch it Muay Thai Gym Koh Samui","description":"Buche dein privates Muay Thai Fotoshooting im Punch it Gym \u2013 erhalte 30\u201340 Profi-Fotos deiner Kicks, Schl\u00e4ge und Trainingsmomente!","robots":{"index":"index","follow":"follow","max-snippet":"max-snippet:-1","max-image-preview":"max-image-preview:large","max-video-preview":"max-video-preview:-1"},"canonical":"https:\/\/punchitgym.com\/de\/privates-fotoshooting\/","og_locale":"de_DE","og_type":"article","og_title":"Privates Fotoshooting - Punch it Muay Thai Gym Koh Samui","og_description":"Buche dein privates Muay Thai Fotoshooting im Punch it Gym \u2013 erhalte 30\u201340 Profi-Fotos deiner Kicks, Schl\u00e4ge und Trainingsmomente!","og_url":"https:\/\/punchitgym.com\/de\/privates-fotoshooting\/","og_site_name":"Punch it Muay Thai Gym Koh Samui","article_publisher":"https:\/\/www.facebook.com\/punchitgym\/","article_modified_time":"2025-06-27T13:23:09+00:00","twitter_card":"summary_large_image","twitter_site":"@punchitgym","twitter_misc":{"Gesch\u00e4tzte Lesezeit":"2\u00a0Minuten"},"schema":{"@context":"https:\/\/schema.org","@graph":[{"@type":"WebPage","@id":"https:\/\/punchitgym.com\/de\/privates-fotoshooting\/","url":"https:\/\/punchitgym.com\/de\/privates-fotoshooting\/","name":"Privates Fotoshooting - Punch it Muay Thai Gym Koh Samui","isPartOf":{"@id":"https:\/\/punchitgym.com\/de\/#website"},"datePublished":"2025-02-03T08:47:46+00:00","dateModified":"2025-06-27T13:23:09+00:00","description":"Buche dein privates Muay Thai Fotoshooting im Punch it Gym \u2013 erhalte 30\u201340 Profi-Fotos deiner Kicks, Schl\u00e4ge und Trainingsmomente!","breadcrumb":{"@id":"https:\/\/punchitgym.com\/de\/privates-fotoshooting\/#breadcrumb"},"inLanguage":"de","potentialAction":[{"@type":"ReadAction","target":["https:\/\/punchitgym.com\/de\/privates-fotoshooting\/"]}]},{"@type":"BreadcrumbList","@id":"https:\/\/punchitgym.com\/de\/privates-fotoshooting\/#breadcrumb","itemListElement":[{"@type":"ListItem","position":1,"name":"Home","item":"https:\/\/punchitgym.com\/de\/startseite\/"},{"@type":"ListItem","position":2,"name":"Privates Fotoshooting"}]},{"@type":"WebSite","@id":"https:\/\/punchitgym.com\/de\/#website","url":"https:\/\/punchitgym.com\/de\/","name":"Punch it Muay Thai Gym Koh Samui","description":"Muay Thai Camp Thailand - Koh Samui - Lamai","potentialAction":[{"@type":"SearchAction","target":{"@type":"EntryPoint","urlTemplate":"https:\/\/punchitgym.com\/de\/?s={search_term_string}"},"query-input":{"@type":"PropertyValueSpecification","valueRequired":true,"valueName":"search_term_string"}}],"inLanguage":"de"}]}},"_links":{"self":[{"href":"https:\/\/punchitgym.com\/de\/wp-json\/wp\/v2\/pages\/30934","targetHints":{"allow":["GET"]}}],"collection":[{"href":"https:\/\/punchitgym.com\/de\/wp-json\/wp\/v2\/pages"}],"about":[{"href":"https:\/\/punchitgym.com\/de\/wp-json\/wp\/v2\/types\/page"}],"author":[{"embeddable":true,"href":"https:\/\/punchitgym.com\/de\/wp-json\/wp\/v2\/users\/6"}],"replies":[{"embeddable":true,"href":"https:\/\/punchitgym.com\/de\/wp-json\/wp\/v2\/comments?post=30934"}],"version-history":[{"count":1,"href":"https:\/\/punchitgym.com\/de\/wp-json\/wp\/v2\/pages\/30934\/revisions"}],"predecessor-version":[{"id":30935,"href":"https:\/\/punchitgym.com\/de\/wp-json\/wp\/v2\/pages\/30934\/revisions\/30935"}],"wp:attachment":[{"href":"https:\/\/punchitgym.com\/de\/wp-json\/wp\/v2\/media?parent=30934"}],"curies":[{"name":"wp","href":"https:\/\/api.w.org\/{rel}","templated":true}]}}