{"id":30085,"date":"2023-10-11T06:20:04","date_gmt":"2023-10-10T23:20:04","guid":{"rendered":"https:\/\/punchitgym.com\/touren\/"},"modified":"2023-10-11T06:20:04","modified_gmt":"2023-10-10T23:20:04","slug":"touren","status":"publish","type":"page","link":"https:\/\/punchitgym.com\/de\/touren\/","title":{"rendered":"Touren"},"content":{"rendered":"<section class=\"l-section wpb_row us_custom_4af741be height_auto width_full\"><div class=\"l-section-h i-cf\"><div class=\"g-cols vc_row via_flex valign_top type_default stacking_default\"><div class=\"vc_col-sm-12 wpb_column vc_column_container\"><div class=\"vc_column-inner\"><div class=\"wpb_wrapper\"><div class=\"wpb_text_column us_custom_4af741be\"><div class=\"wpb_wrapper\"><p><img loading=\"lazy\" decoding=\"async\" class=\"aligncenter wp-image-30066 size-full\" title=\"Touren rund um Koh Samui (Insel-Safari, Bootstouren &#038; Aktivit\u00e4ten)\" src=\"https:\/\/punchitgym.com\/wp-content\/uploads\/2023\/10\/Tours-and-Activities-BG.jpg\" alt=\"Touren rund um Koh Samui (Insel-Safari, Bootstouren &#038; Aktivit\u00e4ten)\" width=\"1920\" height=\"400\" srcset=\"https:\/\/punchitgym.com\/wp-content\/uploads\/2023\/10\/Tours-and-Activities-BG.jpg 1920w, https:\/\/punchitgym.com\/wp-content\/uploads\/2023\/10\/Tours-and-Activities-BG-300x63.jpg 300w, https:\/\/punchitgym.com\/wp-content\/uploads\/2023\/10\/Tours-and-Activities-BG-1024x213.jpg 1024w, https:\/\/punchitgym.com\/wp-content\/uploads\/2023\/10\/Tours-and-Activities-BG-550x115.jpg 550w\" sizes=\"auto, (max-width: 1920px) 100vw, 1920px\" \/><\/p>\n<\/div><\/div><\/div><\/div><\/div><\/div><\/div><\/section><section class=\"l-section wpb_row height_small\"><div class=\"l-section-h i-cf\"><div class=\"g-cols vc_row via_flex valign_top type_default stacking_default\"><div class=\"vc_col-sm-12 wpb_column vc_column_container\"><div class=\"vc_column-inner\"><div class=\"wpb_wrapper\"><h1 class=\"w-post-elm post_title page-heading entry-title color_link_inherit\">Touren<\/h1><\/div><\/div><\/div><\/div><\/div><\/section><section class=\"l-section wpb_row height_small\"><div class=\"l-section-h i-cf\"><div class=\"g-cols vc_row via_flex valign_top type_default stacking_default\"><div class=\"vc_col-sm-12 wpb_column vc_column_container\"><div class=\"vc_column-inner\"><div class=\"wpb_wrapper\"><div class=\"wpb_text_column\"><div class=\"wpb_wrapper\"><p>Entdecken Sie mit uns spannende Abenteuer! Buchen Sie eine Vielzahl von Touren und Aktivit\u00e4ten \u00fcber unseren Service. Diese Touren, die in Zusammenarbeit mit unseren Partnern organisiert werden, sind so konzipiert, dass sie f\u00fcr jeden ein unvergessliches Erlebnis darstellen. Wir f\u00f6rdern das Gemeinschaftsgef\u00fchl und bieten die M\u00f6glichkeit, an trainingsfreien Samstagen Zeit miteinander zu verbringen. Sie k\u00f6nnen Ihre Wunschtouren bequem \u00fcber unsere Mitglieder-App buchen, und alle weiteren Informationen, die Sie ben\u00f6tigen, erhalten Sie in unserem Shop-Front-Office. Wenn Sie bestimmte Termine im Kopf haben, bieten wir Ihnen die Flexibilit\u00e4t, Aktivit\u00e4ten an verschiedenen Tagen zu planen.<\/p>\n<\/div><\/div><\/div><\/div><\/div><\/div><\/div><\/section><section class=\"l-section wpb_row height_small\"><div class=\"l-section-h i-cf\"><div class=\"g-cols vc_row via_flex valign_top type_default stacking_default\"><div class=\"vc_col-sm-12 wpb_column vc_column_container\"><div class=\"vc_column-inner\"><div class=\"wpb_wrapper\">[vc_raw_html]PHNjcmlwdCBzcmM9Jy93cC1jb250ZW50L3RoZW1lcy9JbXByZXphLWNoaWxkL2pzL2lmcmFtZVJlc2l6ZXIubWluLmpzJz48L3NjcmlwdD4gPGlmcmFtZSBpZD0iZ2xvZm94XzMiIHNyYz0iaHR0cHM6Ly9hcHAuZ2xvZm94LmNvbS9wb3J0YWwvIy9icmFuY2gvNjUwNzliYjZiZGFhODY3ZGJlMDg5NDk1L2NvdXJzZXM\/aGVhZGVyPWNvdXJzZXMiIHdpZHRoPSIxMDAlIiBoZWlnaHQ9IjAiIGZyYW1lYm9yZGVyPSIwIiBzY3JvbGxpbmc9Im5vIj48L2lmcmFtZT4gPHNjcmlwdD5pRnJhbWVSZXNpemUoe2xvZzogZmFsc2UsIGNoZWNrT3JpZ2luOiBmYWxzZSwgdG9sZXJhbmNlOiAxMCwgc2l6ZUhlaWdodDogdHJ1ZSwgaGVpZ2h0Q2FsY3VsYXRpb25NZXRob2Q6ICdsb3dlc3RFbGVtZW50JywgbWluSGVpZ2h0OiAzMDAsIHNjcm9sbGluZzogJ2F1dG8nfSwgJyNnbG9mb3hfMycpIDwvc2NyaXB0Pg==[\/vc_raw_html]<\/div><\/div><\/div><\/div><\/div><\/section>\n","protected":false},"excerpt":{"rendered":"TourenEntdecken Sie mit uns spannende Abenteuer! Buchen Sie eine Vielzahl von Touren und Aktivit\u00e4ten \u00fcber unseren Service. Diese Touren, die in Zusammenarbeit mit unseren Partnern organisiert werden, sind so konzipiert, dass sie f\u00fcr jeden ein unvergessliches Erlebnis darstellen. Wir f\u00f6rdern das Gemeinschaftsgef\u00fchl und bieten die M\u00f6glichkeit, an trainingsfreien Samstagen Zeit miteinander zu verbringen. Sie k\u00f6nnen...","protected":false},"author":6,"featured_media":30067,"parent":0,"menu_order":0,"comment_status":"closed","ping_status":"closed","template":"","meta":{"_acf_changed":false,"footnotes":""},"class_list":["post-30085","page","type-page","status-publish","has-post-thumbnail","hentry"],"acf":[],"yoast_head":"<!-- This site is optimized with the Yoast SEO plugin v27.2 - https:\/\/yoast.com\/product\/yoast-seo-wordpress\/ -->\n<title>Touren rund um Koh Samui (Insel-Safari, Bootstouren &amp; Aktivit\u00e4ten)<\/title>\n<meta name=\"description\" content=\"Entdecken Sie mit uns spannende Abenteuer! Buchen Sie eine Vielzahl von Touren rund um Koh Samui (Inselsafari, Bootstouren, Aktivit\u00e4ten und mehr)\" \/>\n<meta name=\"robots\" content=\"index, follow, max-snippet:-1, max-image-preview:large, max-video-preview:-1\" \/>\n<link rel=\"canonical\" href=\"https:\/\/punchitgym.com\/de\/touren\/\" \/>\n<meta property=\"og:locale\" content=\"de_DE\" \/>\n<meta property=\"og:type\" content=\"article\" \/>\n<meta property=\"og:title\" content=\"Touren rund um Koh Samui (Insel-Safari, Bootstouren &amp; Aktivit\u00e4ten)\" \/>\n<meta property=\"og:description\" content=\"Entdecken Sie mit uns spannende Abenteuer! Buchen Sie eine Vielzahl von Touren rund um Koh Samui (Inselsafari, Bootstouren, Aktivit\u00e4ten und mehr)\" \/>\n<meta property=\"og:url\" content=\"https:\/\/punchitgym.com\/de\/touren\/\" \/>\n<meta property=\"og:site_name\" content=\"Punch it Muay Thai Gym Koh Samui\" \/>\n<meta property=\"article:publisher\" content=\"https:\/\/www.facebook.com\/punchitgym\/\" \/>\n<meta property=\"og:image\" content=\"https:\/\/punchitgym.com\/wp-content\/uploads\/2023\/10\/Tours-and-Activities-BG.jpg\" \/>\n\t<meta property=\"og:image:width\" content=\"1920\" \/>\n\t<meta property=\"og:image:height\" content=\"400\" \/>\n\t<meta property=\"og:image:type\" content=\"image\/jpeg\" \/>\n<meta name=\"twitter:card\" content=\"summary_large_image\" \/>\n<meta name=\"twitter:site\" content=\"@punchitgym\" \/>\n<meta name=\"twitter:label1\" content=\"Gesch\u00e4tzte Lesezeit\" \/>\n\t<meta name=\"twitter:data1\" content=\"2\u00a0Minuten\" \/>\n<script type=\"application\/ld+json\" class=\"yoast-schema-graph\">{\"@context\":\"https:\/\/schema.org\",\"@graph\":[{\"@type\":\"WebPage\",\"@id\":\"https:\/\/punchitgym.com\/de\/touren\/\",\"url\":\"https:\/\/punchitgym.com\/de\/touren\/\",\"name\":\"Touren rund um Koh Samui (Insel-Safari, Bootstouren & Aktivit\u00e4ten)\",\"isPartOf\":{\"@id\":\"https:\/\/punchitgym.com\/de\/#website\"},\"primaryImageOfPage\":{\"@id\":\"https:\/\/punchitgym.com\/de\/touren\/#primaryimage\"},\"image\":{\"@id\":\"https:\/\/punchitgym.com\/de\/touren\/#primaryimage\"},\"thumbnailUrl\":\"https:\/\/punchitgym.com\/wp-content\/uploads\/2023\/10\/Tours-and-Activities-BG.jpg\",\"datePublished\":\"2023-10-10T23:20:04+00:00\",\"description\":\"Entdecken Sie mit uns spannende Abenteuer! Buchen Sie eine Vielzahl von Touren rund um Koh Samui (Inselsafari, Bootstouren, Aktivit\u00e4ten und mehr)\",\"breadcrumb\":{\"@id\":\"https:\/\/punchitgym.com\/de\/touren\/#breadcrumb\"},\"inLanguage\":\"de\",\"potentialAction\":[{\"@type\":\"ReadAction\",\"target\":[\"https:\/\/punchitgym.com\/de\/touren\/\"]}]},{\"@type\":\"ImageObject\",\"inLanguage\":\"de\",\"@id\":\"https:\/\/punchitgym.com\/de\/touren\/#primaryimage\",\"url\":\"https:\/\/punchitgym.com\/wp-content\/uploads\/2023\/10\/Tours-and-Activities-BG.jpg\",\"contentUrl\":\"https:\/\/punchitgym.com\/wp-content\/uploads\/2023\/10\/Tours-and-Activities-BG.jpg\",\"width\":1920,\"height\":400,\"caption\":\"Tours around Koh Samui (Island Safari, Boat Tours & Activities)\"},{\"@type\":\"BreadcrumbList\",\"@id\":\"https:\/\/punchitgym.com\/de\/touren\/#breadcrumb\",\"itemListElement\":[{\"@type\":\"ListItem\",\"position\":1,\"name\":\"Home\",\"item\":\"https:\/\/punchitgym.com\/de\/startseite\/\"},{\"@type\":\"ListItem\",\"position\":2,\"name\":\"Touren\"}]},{\"@type\":\"WebSite\",\"@id\":\"https:\/\/punchitgym.com\/de\/#website\",\"url\":\"https:\/\/punchitgym.com\/de\/\",\"name\":\"Punch it Muay Thai Gym Koh Samui\",\"description\":\"Muay Thai Camp Thailand - Koh Samui - Lamai\",\"potentialAction\":[{\"@type\":\"SearchAction\",\"target\":{\"@type\":\"EntryPoint\",\"urlTemplate\":\"https:\/\/punchitgym.com\/de\/?s={search_term_string}\"},\"query-input\":{\"@type\":\"PropertyValueSpecification\",\"valueRequired\":true,\"valueName\":\"search_term_string\"}}],\"inLanguage\":\"de\"}]}<\/script>\n<!-- \/ Yoast SEO plugin. -->","yoast_head_json":{"title":"Touren rund um Koh Samui (Insel-Safari, Bootstouren & Aktivit\u00e4ten)","description":"Entdecken Sie mit uns spannende Abenteuer! Buchen Sie eine Vielzahl von Touren rund um Koh Samui (Inselsafari, Bootstouren, Aktivit\u00e4ten und mehr)","robots":{"index":"index","follow":"follow","max-snippet":"max-snippet:-1","max-image-preview":"max-image-preview:large","max-video-preview":"max-video-preview:-1"},"canonical":"https:\/\/punchitgym.com\/de\/touren\/","og_locale":"de_DE","og_type":"article","og_title":"Touren rund um Koh Samui (Insel-Safari, Bootstouren & Aktivit\u00e4ten)","og_description":"Entdecken Sie mit uns spannende Abenteuer! Buchen Sie eine Vielzahl von Touren rund um Koh Samui (Inselsafari, Bootstouren, Aktivit\u00e4ten und mehr)","og_url":"https:\/\/punchitgym.com\/de\/touren\/","og_site_name":"Punch it Muay Thai Gym Koh Samui","article_publisher":"https:\/\/www.facebook.com\/punchitgym\/","og_image":[{"width":1920,"height":400,"url":"https:\/\/punchitgym.com\/wp-content\/uploads\/2023\/10\/Tours-and-Activities-BG.jpg","type":"image\/jpeg"}],"twitter_card":"summary_large_image","twitter_site":"@punchitgym","twitter_misc":{"Gesch\u00e4tzte Lesezeit":"2\u00a0Minuten"},"schema":{"@context":"https:\/\/schema.org","@graph":[{"@type":"WebPage","@id":"https:\/\/punchitgym.com\/de\/touren\/","url":"https:\/\/punchitgym.com\/de\/touren\/","name":"Touren rund um Koh Samui (Insel-Safari, Bootstouren & Aktivit\u00e4ten)","isPartOf":{"@id":"https:\/\/punchitgym.com\/de\/#website"},"primaryImageOfPage":{"@id":"https:\/\/punchitgym.com\/de\/touren\/#primaryimage"},"image":{"@id":"https:\/\/punchitgym.com\/de\/touren\/#primaryimage"},"thumbnailUrl":"https:\/\/punchitgym.com\/wp-content\/uploads\/2023\/10\/Tours-and-Activities-BG.jpg","datePublished":"2023-10-10T23:20:04+00:00","description":"Entdecken Sie mit uns spannende Abenteuer! Buchen Sie eine Vielzahl von Touren rund um Koh Samui (Inselsafari, Bootstouren, Aktivit\u00e4ten und mehr)","breadcrumb":{"@id":"https:\/\/punchitgym.com\/de\/touren\/#breadcrumb"},"inLanguage":"de","potentialAction":[{"@type":"ReadAction","target":["https:\/\/punchitgym.com\/de\/touren\/"]}]},{"@type":"ImageObject","inLanguage":"de","@id":"https:\/\/punchitgym.com\/de\/touren\/#primaryimage","url":"https:\/\/punchitgym.com\/wp-content\/uploads\/2023\/10\/Tours-and-Activities-BG.jpg","contentUrl":"https:\/\/punchitgym.com\/wp-content\/uploads\/2023\/10\/Tours-and-Activities-BG.jpg","width":1920,"height":400,"caption":"Tours around Koh Samui (Island Safari, Boat Tours & Activities)"},{"@type":"BreadcrumbList","@id":"https:\/\/punchitgym.com\/de\/touren\/#breadcrumb","itemListElement":[{"@type":"ListItem","position":1,"name":"Home","item":"https:\/\/punchitgym.com\/de\/startseite\/"},{"@type":"ListItem","position":2,"name":"Touren"}]},{"@type":"WebSite","@id":"https:\/\/punchitgym.com\/de\/#website","url":"https:\/\/punchitgym.com\/de\/","name":"Punch it Muay Thai Gym Koh Samui","description":"Muay Thai Camp Thailand - Koh Samui - Lamai","potentialAction":[{"@type":"SearchAction","target":{"@type":"EntryPoint","urlTemplate":"https:\/\/punchitgym.com\/de\/?s={search_term_string}"},"query-input":{"@type":"PropertyValueSpecification","valueRequired":true,"valueName":"search_term_string"}}],"inLanguage":"de"}]}},"_links":{"self":[{"href":"https:\/\/punchitgym.com\/de\/wp-json\/wp\/v2\/pages\/30085","targetHints":{"allow":["GET"]}}],"collection":[{"href":"https:\/\/punchitgym.com\/de\/wp-json\/wp\/v2\/pages"}],"about":[{"href":"https:\/\/punchitgym.com\/de\/wp-json\/wp\/v2\/types\/page"}],"author":[{"embeddable":true,"href":"https:\/\/punchitgym.com\/de\/wp-json\/wp\/v2\/users\/6"}],"replies":[{"embeddable":true,"href":"https:\/\/punchitgym.com\/de\/wp-json\/wp\/v2\/comments?post=30085"}],"version-history":[{"count":2,"href":"https:\/\/punchitgym.com\/de\/wp-json\/wp\/v2\/pages\/30085\/revisions"}],"predecessor-version":[{"id":30087,"href":"https:\/\/punchitgym.com\/de\/wp-json\/wp\/v2\/pages\/30085\/revisions\/30087"}],"wp:featuredmedia":[{"embeddable":true,"href":"https:\/\/punchitgym.com\/de\/wp-json\/wp\/v2\/media\/30067"}],"wp:attachment":[{"href":"https:\/\/punchitgym.com\/de\/wp-json\/wp\/v2\/media?parent=30085"}],"curies":[{"name":"wp","href":"https:\/\/api.w.org\/{rel}","templated":true}]}}