{"id":30081,"date":"2023-10-11T06:15:28","date_gmt":"2023-10-10T23:15:28","guid":{"rendered":"https:\/\/punchitgym.com\/preise\/"},"modified":"2025-11-12T10:50:16","modified_gmt":"2025-11-12T03:50:16","slug":"preise","status":"publish","type":"page","link":"https:\/\/punchitgym.com\/de\/preise\/","title":{"rendered":"Preise"},"content":{"rendered":"<section class=\"l-section wpb_row us_custom_4af741be height_auto width_full\"><div class=\"l-section-h i-cf\"><div class=\"g-cols vc_row via_flex valign_top type_default stacking_default\"><div class=\"vc_col-sm-12 wpb_column vc_column_container\"><div class=\"vc_column-inner\"><div class=\"wpb_wrapper\"><div class=\"wpb_text_column us_custom_4af741be\"><div class=\"wpb_wrapper\"><p><img loading=\"lazy\" decoding=\"async\" class=\"aligncenter wp-image-30183 size-full\" title=\"Preise Muay Thai Gym Punch it\" src=\"https:\/\/punchitgym.com\/wp-content\/uploads\/2023\/12\/Pricing-Header-2023.jpg\" alt=\"Preise Muay Thai Gym Punch it\" width=\"1920\" height=\"400\" srcset=\"https:\/\/punchitgym.com\/wp-content\/uploads\/2023\/12\/Pricing-Header-2023.jpg 1920w, https:\/\/punchitgym.com\/wp-content\/uploads\/2023\/12\/Pricing-Header-2023-300x63.jpg 300w, https:\/\/punchitgym.com\/wp-content\/uploads\/2023\/12\/Pricing-Header-2023-1024x213.jpg 1024w, https:\/\/punchitgym.com\/wp-content\/uploads\/2023\/12\/Pricing-Header-2023-550x115.jpg 550w\" sizes=\"auto, (max-width: 1920px) 100vw, 1920px\" \/><\/p>\n<\/div><\/div><\/div><\/div><\/div><\/div><\/div><\/section><section class=\"l-section wpb_row height_small\"><div class=\"l-section-h i-cf\"><div class=\"g-cols vc_row via_flex valign_top type_default stacking_default\"><div class=\"vc_col-sm-12 wpb_column vc_column_container\"><div class=\"vc_column-inner\"><div class=\"wpb_wrapper\"><h1 class=\"w-post-elm post_title page-heading entry-title color_link_inherit\">Preise<\/h1><div class=\"w-separator size_small\"><\/div><div class=\"wpb_text_column\"><div class=\"wpb_wrapper\"><p>Bei uns k\u00f6nnen Sie alles, was Sie brauchen, an einem Ort buchen \u2013 Unterkunft, Verpflegung, Roller und Trainingseinheiten \u2013 ganz einfach \u00fcber unser Online-Buchungssystem.<\/p>\n<p>Alternativ k\u00f6nnen Sie private Trainingseinheiten auch separat \u00fcber unsere Punch it Gym App buchen, die in allen App-Stores erh\u00e4ltlich ist. Alle Mitglieder, die Muay Thai-Kurse buchen, haben <a href=\"\/de\/punch-it-performance-fitness-center\/\"><strong>kostenlosen Zugang zu unserem brandneuen Fitnesscenter<\/strong><\/a>. Starten Sie noch heute Ihre Muay Thai-Reise mit uns \u2013 und bei Fragen k\u00f6nnen Sie uns jederzeit kontaktieren!<\/p>\n<\/div><\/div><\/div><\/div><\/div><\/div><\/div><\/section><section class=\"l-section wpb_row height_small\"><div class=\"l-section-h i-cf\"><div class=\"g-cols vc_row via_flex valign_top type_default stacking_default\"><div class=\"vc_col-sm-12 wpb_column vc_column_container\"><div class=\"vc_column-inner\"><div class=\"wpb_wrapper\"><div class=\"w-html\"> <script src=\"https:\/\/cdnjs.cloudflare.com\/ajax\/libs\/iframe-resizer\/3.6.1\/iframeResizer.min.js\"><\/script>\n    <iframe loading=\"lazy\" id=\"glofox_2\" src=\"https:\/\/app.glofox.com\/portal\/#\/branch\/65079bb6bdaa867dbe089495\/memberships?header=memberships\"\n      width=\"100%\" height=\"0\" scrolling=\"no\" frameborder=\"0\"><\/iframe>\n      <script>\n        iFrameResize({\n          log: false,\n          checkOrigin: false,\n          tolerance: 10,\n          sizeHeight: true,\n          heightCalculationMethod: 'lowestElement',\n          minHeight: 300,\n          scrolling: 'auto'\n        },\n          '#glofox_2')\n      <\/script><\/div><\/div><\/div><\/div><\/div><\/div><\/section>\n","protected":false},"excerpt":{"rendered":"PreiseBei uns k\u00f6nnen Sie alles, was Sie brauchen, an einem Ort buchen \u2013 Unterkunft, Verpflegung, Roller und Trainingseinheiten \u2013 ganz einfach \u00fcber unser Online-Buchungssystem. Alternativ k\u00f6nnen Sie private Trainingseinheiten auch separat \u00fcber unsere Punch it Gym App buchen, die in allen App-Stores erh\u00e4ltlich ist. Alle Mitglieder, die Muay Thai-Kurse buchen, haben kostenlosen Zugang zu unserem...","protected":false},"author":6,"featured_media":30059,"parent":0,"menu_order":0,"comment_status":"closed","ping_status":"closed","template":"","meta":{"_acf_changed":false,"footnotes":""},"class_list":["post-30081","page","type-page","status-publish","has-post-thumbnail","hentry"],"acf":[],"yoast_head":"<!-- This site is optimized with the Yoast SEO plugin v27.2 - https:\/\/yoast.com\/product\/yoast-seo-wordpress\/ -->\n<title>Preise - Punch it Muay Thai Gym Koh Samui<\/title>\n<meta name=\"description\" content=\"Bei uns kannst du alles, was du brauchst, buchen: Unterkunft, Roller und Trainingseinheiten - alles in einem Rutsch \u00fcber unser einfaches Online-Buchungssystem.\" \/>\n<meta name=\"robots\" content=\"index, follow, max-snippet:-1, max-image-preview:large, max-video-preview:-1\" \/>\n<link rel=\"canonical\" href=\"https:\/\/punchitgym.com\/de\/preise\/\" \/>\n<meta property=\"og:locale\" content=\"de_DE\" \/>\n<meta property=\"og:type\" content=\"article\" \/>\n<meta property=\"og:title\" content=\"Preise - Punch it Muay Thai Gym Koh Samui\" \/>\n<meta property=\"og:description\" content=\"Bei uns kannst du alles, was du brauchst, buchen: Unterkunft, Roller und Trainingseinheiten - alles in einem Rutsch \u00fcber unser einfaches Online-Buchungssystem.\" \/>\n<meta property=\"og:url\" content=\"https:\/\/punchitgym.com\/de\/preise\/\" \/>\n<meta property=\"og:site_name\" content=\"Punch it Muay Thai Gym Koh Samui\" \/>\n<meta property=\"article:publisher\" content=\"https:\/\/www.facebook.com\/punchitgym\/\" \/>\n<meta property=\"article:modified_time\" content=\"2025-11-12T03:50:16+00:00\" \/>\n<meta property=\"og:image\" content=\"https:\/\/punchitgym.com\/wp-content\/uploads\/2023\/10\/Pricing-BG.jpg\" \/>\n\t<meta property=\"og:image:width\" content=\"1920\" \/>\n\t<meta property=\"og:image:height\" content=\"400\" \/>\n\t<meta property=\"og:image:type\" content=\"image\/jpeg\" \/>\n<meta name=\"twitter:card\" content=\"summary_large_image\" \/>\n<meta name=\"twitter:site\" content=\"@punchitgym\" \/>\n<meta name=\"twitter:label1\" content=\"Gesch\u00e4tzte Lesezeit\" \/>\n\t<meta name=\"twitter:data1\" content=\"1\u00a0Minute\" \/>\n<script type=\"application\/ld+json\" class=\"yoast-schema-graph\">{\"@context\":\"https:\/\/schema.org\",\"@graph\":[{\"@type\":\"WebPage\",\"@id\":\"https:\/\/punchitgym.com\/de\/preise\/\",\"url\":\"https:\/\/punchitgym.com\/de\/preise\/\",\"name\":\"Preise - Punch it Muay Thai Gym Koh Samui\",\"isPartOf\":{\"@id\":\"https:\/\/punchitgym.com\/de\/#website\"},\"primaryImageOfPage\":{\"@id\":\"https:\/\/punchitgym.com\/de\/preise\/#primaryimage\"},\"image\":{\"@id\":\"https:\/\/punchitgym.com\/de\/preise\/#primaryimage\"},\"thumbnailUrl\":\"https:\/\/punchitgym.com\/wp-content\/uploads\/2023\/10\/Pricing-BG.jpg\",\"datePublished\":\"2023-10-10T23:15:28+00:00\",\"dateModified\":\"2025-11-12T03:50:16+00:00\",\"description\":\"Bei uns kannst du alles, was du brauchst, buchen: Unterkunft, Roller und Trainingseinheiten - alles in einem Rutsch \u00fcber unser einfaches Online-Buchungssystem.\",\"breadcrumb\":{\"@id\":\"https:\/\/punchitgym.com\/de\/preise\/#breadcrumb\"},\"inLanguage\":\"de\",\"potentialAction\":[{\"@type\":\"ReadAction\",\"target\":[\"https:\/\/punchitgym.com\/de\/preise\/\"]}]},{\"@type\":\"ImageObject\",\"inLanguage\":\"de\",\"@id\":\"https:\/\/punchitgym.com\/de\/preise\/#primaryimage\",\"url\":\"https:\/\/punchitgym.com\/wp-content\/uploads\/2023\/10\/Pricing-BG.jpg\",\"contentUrl\":\"https:\/\/punchitgym.com\/wp-content\/uploads\/2023\/10\/Pricing-BG.jpg\",\"width\":1920,\"height\":400,\"caption\":\"Pricing\"},{\"@type\":\"BreadcrumbList\",\"@id\":\"https:\/\/punchitgym.com\/de\/preise\/#breadcrumb\",\"itemListElement\":[{\"@type\":\"ListItem\",\"position\":1,\"name\":\"Home\",\"item\":\"https:\/\/punchitgym.com\/de\/startseite\/\"},{\"@type\":\"ListItem\",\"position\":2,\"name\":\"Preise\"}]},{\"@type\":\"WebSite\",\"@id\":\"https:\/\/punchitgym.com\/de\/#website\",\"url\":\"https:\/\/punchitgym.com\/de\/\",\"name\":\"Punch it Muay Thai Gym Koh Samui\",\"description\":\"Muay Thai Camp Thailand - Koh Samui - Lamai\",\"potentialAction\":[{\"@type\":\"SearchAction\",\"target\":{\"@type\":\"EntryPoint\",\"urlTemplate\":\"https:\/\/punchitgym.com\/de\/?s={search_term_string}\"},\"query-input\":{\"@type\":\"PropertyValueSpecification\",\"valueRequired\":true,\"valueName\":\"search_term_string\"}}],\"inLanguage\":\"de\"}]}<\/script>\n<!-- \/ Yoast SEO plugin. -->","yoast_head_json":{"title":"Preise - Punch it Muay Thai Gym Koh Samui","description":"Bei uns kannst du alles, was du brauchst, buchen: Unterkunft, Roller und Trainingseinheiten - alles in einem Rutsch \u00fcber unser einfaches Online-Buchungssystem.","robots":{"index":"index","follow":"follow","max-snippet":"max-snippet:-1","max-image-preview":"max-image-preview:large","max-video-preview":"max-video-preview:-1"},"canonical":"https:\/\/punchitgym.com\/de\/preise\/","og_locale":"de_DE","og_type":"article","og_title":"Preise - Punch it Muay Thai Gym Koh Samui","og_description":"Bei uns kannst du alles, was du brauchst, buchen: Unterkunft, Roller und Trainingseinheiten - alles in einem Rutsch \u00fcber unser einfaches Online-Buchungssystem.","og_url":"https:\/\/punchitgym.com\/de\/preise\/","og_site_name":"Punch it Muay Thai Gym Koh Samui","article_publisher":"https:\/\/www.facebook.com\/punchitgym\/","article_modified_time":"2025-11-12T03:50:16+00:00","og_image":[{"width":1920,"height":400,"url":"https:\/\/punchitgym.com\/wp-content\/uploads\/2023\/10\/Pricing-BG.jpg","type":"image\/jpeg"}],"twitter_card":"summary_large_image","twitter_site":"@punchitgym","twitter_misc":{"Gesch\u00e4tzte Lesezeit":"1\u00a0Minute"},"schema":{"@context":"https:\/\/schema.org","@graph":[{"@type":"WebPage","@id":"https:\/\/punchitgym.com\/de\/preise\/","url":"https:\/\/punchitgym.com\/de\/preise\/","name":"Preise - Punch it Muay Thai Gym Koh Samui","isPartOf":{"@id":"https:\/\/punchitgym.com\/de\/#website"},"primaryImageOfPage":{"@id":"https:\/\/punchitgym.com\/de\/preise\/#primaryimage"},"image":{"@id":"https:\/\/punchitgym.com\/de\/preise\/#primaryimage"},"thumbnailUrl":"https:\/\/punchitgym.com\/wp-content\/uploads\/2023\/10\/Pricing-BG.jpg","datePublished":"2023-10-10T23:15:28+00:00","dateModified":"2025-11-12T03:50:16+00:00","description":"Bei uns kannst du alles, was du brauchst, buchen: Unterkunft, Roller und Trainingseinheiten - alles in einem Rutsch \u00fcber unser einfaches Online-Buchungssystem.","breadcrumb":{"@id":"https:\/\/punchitgym.com\/de\/preise\/#breadcrumb"},"inLanguage":"de","potentialAction":[{"@type":"ReadAction","target":["https:\/\/punchitgym.com\/de\/preise\/"]}]},{"@type":"ImageObject","inLanguage":"de","@id":"https:\/\/punchitgym.com\/de\/preise\/#primaryimage","url":"https:\/\/punchitgym.com\/wp-content\/uploads\/2023\/10\/Pricing-BG.jpg","contentUrl":"https:\/\/punchitgym.com\/wp-content\/uploads\/2023\/10\/Pricing-BG.jpg","width":1920,"height":400,"caption":"Pricing"},{"@type":"BreadcrumbList","@id":"https:\/\/punchitgym.com\/de\/preise\/#breadcrumb","itemListElement":[{"@type":"ListItem","position":1,"name":"Home","item":"https:\/\/punchitgym.com\/de\/startseite\/"},{"@type":"ListItem","position":2,"name":"Preise"}]},{"@type":"WebSite","@id":"https:\/\/punchitgym.com\/de\/#website","url":"https:\/\/punchitgym.com\/de\/","name":"Punch it Muay Thai Gym Koh Samui","description":"Muay Thai Camp Thailand - Koh Samui - Lamai","potentialAction":[{"@type":"SearchAction","target":{"@type":"EntryPoint","urlTemplate":"https:\/\/punchitgym.com\/de\/?s={search_term_string}"},"query-input":{"@type":"PropertyValueSpecification","valueRequired":true,"valueName":"search_term_string"}}],"inLanguage":"de"}]}},"_links":{"self":[{"href":"https:\/\/punchitgym.com\/de\/wp-json\/wp\/v2\/pages\/30081","targetHints":{"allow":["GET"]}}],"collection":[{"href":"https:\/\/punchitgym.com\/de\/wp-json\/wp\/v2\/pages"}],"about":[{"href":"https:\/\/punchitgym.com\/de\/wp-json\/wp\/v2\/types\/page"}],"author":[{"embeddable":true,"href":"https:\/\/punchitgym.com\/de\/wp-json\/wp\/v2\/users\/6"}],"replies":[{"embeddable":true,"href":"https:\/\/punchitgym.com\/de\/wp-json\/wp\/v2\/comments?post=30081"}],"version-history":[{"count":6,"href":"https:\/\/punchitgym.com\/de\/wp-json\/wp\/v2\/pages\/30081\/revisions"}],"predecessor-version":[{"id":31781,"href":"https:\/\/punchitgym.com\/de\/wp-json\/wp\/v2\/pages\/30081\/revisions\/31781"}],"wp:featuredmedia":[{"embeddable":true,"href":"https:\/\/punchitgym.com\/de\/wp-json\/wp\/v2\/media\/30059"}],"wp:attachment":[{"href":"https:\/\/punchitgym.com\/de\/wp-json\/wp\/v2\/media?parent=30081"}],"curies":[{"name":"wp","href":"https:\/\/api.w.org\/{rel}","templated":true}]}}