{"id":16376,"date":"2021-12-12T09:07:37","date_gmt":"2021-12-12T02:07:37","guid":{"rendered":"https:\/\/punchitgym.com\/buche-deinen-privaten-muay-thai-unterricht\/"},"modified":"2025-09-23T13:52:22","modified_gmt":"2025-09-23T06:52:22","slug":"buche-deinen-privaten-muay-thai-unterricht","status":"publish","type":"page","link":"https:\/\/punchitgym.com\/de\/buche-deinen-privaten-muay-thai-unterricht\/","title":{"rendered":"Buche deinen privaten Muay Thai-Unterricht"},"content":{"rendered":"<section class=\"l-section wpb_row us_custom_4af741be height_auto width_full\"><div class=\"l-section-h i-cf\"><div class=\"g-cols vc_row via_flex valign_top type_default stacking_default\"><div class=\"vc_col-sm-12 wpb_column vc_column_container\"><div class=\"vc_column-inner\"><div class=\"wpb_wrapper\"><div class=\"wpb_text_column us_custom_4af741be\"><div class=\"wpb_wrapper\"><p><img loading=\"lazy\" decoding=\"async\" class=\"aligncenter wp-image-29860 size-full\" title=\"Buchen Sie Ihren privaten Muay Thai Unterricht\" src=\"https:\/\/punchitgym.com\/wp-content\/uploads\/2023\/07\/Book-your-private-muay-thai-lessons-header.jpg\" alt=\"Buchen Sie Ihren privaten Muay Thai Unterricht\" width=\"1920\" height=\"400\" srcset=\"https:\/\/punchitgym.com\/wp-content\/uploads\/2023\/07\/Book-your-private-muay-thai-lessons-header.jpg 1920w, https:\/\/punchitgym.com\/wp-content\/uploads\/2023\/07\/Book-your-private-muay-thai-lessons-header-300x63.jpg 300w, https:\/\/punchitgym.com\/wp-content\/uploads\/2023\/07\/Book-your-private-muay-thai-lessons-header-1024x213.jpg 1024w, https:\/\/punchitgym.com\/wp-content\/uploads\/2023\/07\/Book-your-private-muay-thai-lessons-header-550x115.jpg 550w\" sizes=\"auto, (max-width: 1920px) 100vw, 1920px\" \/><\/p>\n<\/div><\/div><\/div><\/div><\/div><\/div><\/div><\/section><section class=\"l-section wpb_row height_small\"><div class=\"l-section-h i-cf\"><div class=\"g-cols vc_row via_flex valign_top type_default stacking_default\"><div class=\"vc_col-sm-12 wpb_column vc_column_container\"><div class=\"vc_column-inner\"><div class=\"wpb_wrapper\"><h1 class=\"w-text us_custom_60384493 has_text_color\"><span class=\"w-text-h\"><span class=\"w-text-value\">Buche deinen privaten Muay Thai-Unterricht<\/span><\/span><\/h1><div class=\"w-separator size_small\"><\/div><div class=\"w-hwrapper lesson-wrapper valign_top align_none\"><div class=\"w-vwrapper lesson-text align_none valign_top\"><div class=\"wpb_text_column\"><div class=\"wpb_wrapper\"><p>Verf\u00fcgbar Sonntag bis Freitag, 10:00 bis 15:00 Uhr, und Sonntag, 9:00 bis 16:00 Uhr. Buchungen werden nur \u00fcber unsere App mindestens 4 Stunden im Voraus angenommen. Sie k\u00f6nnen bis zu 4 Stunden vor Beginn Ihrer Unterrichtsstunde stornieren. Bitte laden Sie die App herunter und buchen Sie mit Ihrem bevorzugten Trainer oder w\u00e4hlen Sie unten einen Trainer aus.<\/p>\n<p><strong>Prices:<\/strong><\/p>\n<ul>\n<li>1 Unterrichtseinheit \u2013 1.000 THB<\/li>\n<li>10 Unterrichtseinheiten \u2013 9.000 THB<\/li>\n<li>F\u00fcr jede weitere Person wird eine Geb\u00fchr von 500 THB f\u00e4llig, die vor Ort zu entrichten ist.<\/li>\n<\/ul>\n<p>Zus\u00e4tzliche Teilnehmer m\u00fcssen das gleiche Niveau haben, andernfalls buchen Sie bitte zwei Trainer. Kinder unter 14 Jahren m\u00fcssen separat trainieren und k\u00f6nnen nicht in einer Privatstunde kombiniert werden. F\u00fcr Gruppen von 5 oder mehr Personen kontaktieren Sie uns bitte zuerst \u00fcber WhatsApp unter <i class=\"fab fa-whatsapp-square\"><\/i> <a href=\"https:\/\/wa.me\/66616615161?text=I+am+interested+to+book+a+private+lesson\" target=\"_blank\" rel=\"noopener\">+66 61 661 51 61<\/a> oder per E-Mail an <a href=\"mailto:office@punchitgym.com\" target=\"_blank\" rel=\"noopener\">office@punchitgym.com<\/a>.<\/p>\n<\/div><\/div><\/div><div class=\"w-vwrapper lesson-apps align_none valign_top\"><div class=\"w-iconbox us_custom_345c8b9d has_text_color iconpos_top style_default color_contrast align_center no_text\"><a target=\"_blank\" rel=\"nofollow\" title=\"Punch it Gym for Android\" href=\"https:\/\/play.google.com\/store\/apps\/details?id=ie.zappy.fennec.punchitgym&amp;pcampaignid\" class=\"w-iconbox-link\" aria-label=\"Punch it Gym App f\u00fcr Android\"><div class=\"w-iconbox-icon\" style=\"font-size:26px;\"><i class=\"fab fa-google-play\"><\/i><\/div><\/a><div class=\"w-iconbox-meta\"><p class=\"w-iconbox-title\" style=\"font-size:18px;\"><a target=\"_blank\" rel=\"nofollow\" title=\"Punch it Gym for Android\" href=\"https:\/\/play.google.com\/store\/apps\/details?id=ie.zappy.fennec.punchitgym&amp;pcampaignid\" class=\"w-iconbox-link\" aria-label=\"Punch it Gym App f\u00fcr Android\">Punch it Gym App f\u00fcr Android<\/a><\/p><\/div><\/div><div class=\"w-iconbox us_custom_345c8b9d has_text_color iconpos_top style_default color_contrast align_center no_text\"><a target=\"_blank\" rel=\"nofollow\" title=\"Punch it Gym App for iPhone\" href=\"https:\/\/apps.apple.com\/th\/app\/punch-it-gym\/id6468572115\" class=\"w-iconbox-link\" aria-label=\"Punch it Gym App f\u00fcr iPhone\"><div class=\"w-iconbox-icon\" style=\"font-size:26px;\"><i class=\"fab fa-apple\"><\/i><\/div><\/a><div class=\"w-iconbox-meta\"><p class=\"w-iconbox-title\" style=\"font-size:18px;\"><a target=\"_blank\" rel=\"nofollow\" title=\"Punch it Gym App for iPhone\" href=\"https:\/\/apps.apple.com\/th\/app\/punch-it-gym\/id6468572115\" class=\"w-iconbox-link\" aria-label=\"Punch it Gym App f\u00fcr iPhone\">Punch it Gym App f\u00fcr iPhone<\/a><\/p><\/div><\/div><div class=\"w-video align_center ratio_16x9 has_iframe\"><div class=\"w-video-h\"><iframe title=\"Youtube video player\" src=\"\/\/www.youtube.com\/embed\/6Tfmt_DFvjk?autoplay=0&controls=1&origin=https:\/\/punchitgym.com\/de\/&loop=0&mute=0\" allowfullscreen=\"1\" loading=\"lazy\"><\/iframe><\/div><\/div><\/div><\/div><div class=\"w-separator size_small\"><\/div><h2 class=\"w-text us_custom_8b3d6790 has_text_color\"><span class=\"w-text-h\"><span class=\"w-text-value\">Buchen Sie Ihren privaten Muay Thai-Unterricht mit einem bevorzugten Trainer<\/span><\/span><\/h2><div class=\"w-separator size_small\"><\/div><div class=\"w-html\"><script src=\"https:\/\/cdnjs.cloudflare.com\/ajax\/libs\/iframe-resizer\/3.6.1\/iframeResizer.min.js\"><\/script>\n    <iframe loading=\"lazy\" id=\"glofox_4\" src=\"https:\/\/app.glofox.com\/portal\/#\/branch\/65079bb6bdaa867dbe089495\/trainers?header=trainers\"\n      width=\"100%\" height=\"0\" scrolling=\"no\" frameborder=\"0\"><\/iframe>\n      <script>\n        iFrameResize({\n          log: false,\n          checkOrigin: false,\n          tolerance: 10,\n          sizeHeight: true,\n          heightCalculationMethod: 'lowestElement',\n          minHeight: 300,\n          scrolling: 'auto'\n        },\n          '#glofox_4')\n      <\/script><\/div><\/div><\/div><\/div><\/div><\/div><\/section>\n","protected":false},"excerpt":{"rendered":"Buche deinen privaten Muay Thai-UnterrichtVerf\u00fcgbar Sonntag bis Freitag, 10:00 bis 15:00 Uhr, und Sonntag, 9:00 bis 16:00 Uhr. Buchungen werden nur \u00fcber unsere App mindestens 4 Stunden im Voraus angenommen. Sie k\u00f6nnen bis zu 4 Stunden vor Beginn Ihrer Unterrichtsstunde stornieren. Bitte laden Sie die App herunter und buchen Sie mit Ihrem bevorzugten Trainer oder...","protected":false},"author":6,"featured_media":29860,"parent":0,"menu_order":0,"comment_status":"closed","ping_status":"closed","template":"","meta":{"_acf_changed":false,"footnotes":""},"class_list":["post-16376","page","type-page","status-publish","has-post-thumbnail","hentry"],"acf":[],"yoast_head":"<!-- This site is optimized with the Yoast SEO plugin v27.2 - https:\/\/yoast.com\/product\/yoast-seo-wordpress\/ -->\n<title>Buche deinen privaten Muay Thai-Unterricht auf Koh Samui<\/title>\n<meta name=\"description\" content=\"Sie k\u00f6nnen Muay Thai Privatstunden von Sonntag bis Freitag von 10:00 bis 15:00 Uhr und Sonntag von 9:00 bis 18:00 Uhr buchen.\" \/>\n<meta name=\"robots\" content=\"index, follow, max-snippet:-1, max-image-preview:large, max-video-preview:-1\" \/>\n<link rel=\"canonical\" href=\"https:\/\/punchitgym.com\/de\/buche-deinen-privaten-muay-thai-unterricht\/\" \/>\n<meta property=\"og:locale\" content=\"de_DE\" \/>\n<meta property=\"og:type\" content=\"article\" \/>\n<meta property=\"og:title\" content=\"Buche deinen privaten Muay Thai-Unterricht auf Koh Samui\" \/>\n<meta property=\"og:description\" content=\"Sie k\u00f6nnen Muay Thai Privatstunden von Sonntag bis Freitag von 10:00 bis 15:00 Uhr und Sonntag von 9:00 bis 18:00 Uhr buchen.\" \/>\n<meta property=\"og:url\" content=\"https:\/\/punchitgym.com\/de\/buche-deinen-privaten-muay-thai-unterricht\/\" \/>\n<meta property=\"og:site_name\" content=\"Punch it Muay Thai Gym Koh Samui\" \/>\n<meta property=\"article:publisher\" content=\"https:\/\/www.facebook.com\/punchitgym\/\" \/>\n<meta property=\"article:modified_time\" content=\"2025-09-23T06:52:22+00:00\" \/>\n<meta property=\"og:image\" content=\"https:\/\/punchitgym.com\/wp-content\/uploads\/2023\/07\/Book-your-private-muay-thai-lessons-header.jpg\" \/>\n\t<meta property=\"og:image:width\" content=\"1920\" \/>\n\t<meta property=\"og:image:height\" content=\"400\" \/>\n\t<meta property=\"og:image:type\" content=\"image\/jpeg\" \/>\n<meta name=\"twitter:card\" content=\"summary_large_image\" \/>\n<meta name=\"twitter:title\" content=\"Buche deinen privaten Muay Thai-Unterricht auf Koh Samui\" \/>\n<meta name=\"twitter:description\" content=\"Sie k\u00f6nnen Muay Thai Privatstunden von Sonntag bis Freitag von 10:00 bis 15:00 Uhr und Sonntag von 9:00 bis 18:00 Uhr buchen.\" \/>\n<meta name=\"twitter:image\" content=\"https:\/\/punchitgym.com\/wp-content\/uploads\/2023\/07\/Book-your-private-muay-thai-lessons-header.jpg\" \/>\n<meta name=\"twitter:site\" content=\"@punchitgym\" \/>\n<meta name=\"twitter:label1\" content=\"Gesch\u00e4tzte Lesezeit\" \/>\n\t<meta name=\"twitter:data1\" content=\"2\u00a0Minuten\" \/>\n<script type=\"application\/ld+json\" class=\"yoast-schema-graph\">{\"@context\":\"https:\/\/schema.org\",\"@graph\":[{\"@type\":\"WebPage\",\"@id\":\"https:\/\/punchitgym.com\/de\/buche-deinen-privaten-muay-thai-unterricht\/\",\"url\":\"https:\/\/punchitgym.com\/de\/buche-deinen-privaten-muay-thai-unterricht\/\",\"name\":\"Buche deinen privaten Muay Thai-Unterricht auf Koh Samui\",\"isPartOf\":{\"@id\":\"https:\/\/punchitgym.com\/de\/#website\"},\"primaryImageOfPage\":{\"@id\":\"https:\/\/punchitgym.com\/de\/buche-deinen-privaten-muay-thai-unterricht\/#primaryimage\"},\"image\":{\"@id\":\"https:\/\/punchitgym.com\/de\/buche-deinen-privaten-muay-thai-unterricht\/#primaryimage\"},\"thumbnailUrl\":\"https:\/\/punchitgym.com\/wp-content\/uploads\/2023\/07\/Book-your-private-muay-thai-lessons-header.jpg\",\"datePublished\":\"2021-12-12T02:07:37+00:00\",\"dateModified\":\"2025-09-23T06:52:22+00:00\",\"description\":\"Sie k\u00f6nnen Muay Thai Privatstunden von Sonntag bis Freitag von 10:00 bis 15:00 Uhr und Sonntag von 9:00 bis 18:00 Uhr buchen.\",\"breadcrumb\":{\"@id\":\"https:\/\/punchitgym.com\/de\/buche-deinen-privaten-muay-thai-unterricht\/#breadcrumb\"},\"inLanguage\":\"de\",\"potentialAction\":[{\"@type\":\"ReadAction\",\"target\":[\"https:\/\/punchitgym.com\/de\/buche-deinen-privaten-muay-thai-unterricht\/\"]}]},{\"@type\":\"ImageObject\",\"inLanguage\":\"de\",\"@id\":\"https:\/\/punchitgym.com\/de\/buche-deinen-privaten-muay-thai-unterricht\/#primaryimage\",\"url\":\"https:\/\/punchitgym.com\/wp-content\/uploads\/2023\/07\/Book-your-private-muay-thai-lessons-header.jpg\",\"contentUrl\":\"https:\/\/punchitgym.com\/wp-content\/uploads\/2023\/07\/Book-your-private-muay-thai-lessons-header.jpg\",\"width\":1920,\"height\":400,\"caption\":\"Buchen Sie Ihren privaten Muay Thai Unterricht\"},{\"@type\":\"BreadcrumbList\",\"@id\":\"https:\/\/punchitgym.com\/de\/buche-deinen-privaten-muay-thai-unterricht\/#breadcrumb\",\"itemListElement\":[{\"@type\":\"ListItem\",\"position\":1,\"name\":\"Home\",\"item\":\"https:\/\/punchitgym.com\/de\/startseite\/\"},{\"@type\":\"ListItem\",\"position\":2,\"name\":\"Buche deinen privaten Muay Thai-Unterricht\"}]},{\"@type\":\"WebSite\",\"@id\":\"https:\/\/punchitgym.com\/de\/#website\",\"url\":\"https:\/\/punchitgym.com\/de\/\",\"name\":\"Punch it Muay Thai Gym Koh Samui\",\"description\":\"Muay Thai Camp Thailand - Koh Samui - Lamai\",\"potentialAction\":[{\"@type\":\"SearchAction\",\"target\":{\"@type\":\"EntryPoint\",\"urlTemplate\":\"https:\/\/punchitgym.com\/de\/?s={search_term_string}\"},\"query-input\":{\"@type\":\"PropertyValueSpecification\",\"valueRequired\":true,\"valueName\":\"search_term_string\"}}],\"inLanguage\":\"de\"}]}<\/script>\n<!-- \/ Yoast SEO plugin. -->","yoast_head_json":{"title":"Buche deinen privaten Muay Thai-Unterricht auf Koh Samui","description":"Sie k\u00f6nnen Muay Thai Privatstunden von Sonntag bis Freitag von 10:00 bis 15:00 Uhr und Sonntag von 9:00 bis 18:00 Uhr buchen.","robots":{"index":"index","follow":"follow","max-snippet":"max-snippet:-1","max-image-preview":"max-image-preview:large","max-video-preview":"max-video-preview:-1"},"canonical":"https:\/\/punchitgym.com\/de\/buche-deinen-privaten-muay-thai-unterricht\/","og_locale":"de_DE","og_type":"article","og_title":"Buche deinen privaten Muay Thai-Unterricht auf Koh Samui","og_description":"Sie k\u00f6nnen Muay Thai Privatstunden von Sonntag bis Freitag von 10:00 bis 15:00 Uhr und Sonntag von 9:00 bis 18:00 Uhr buchen.","og_url":"https:\/\/punchitgym.com\/de\/buche-deinen-privaten-muay-thai-unterricht\/","og_site_name":"Punch it Muay Thai Gym Koh Samui","article_publisher":"https:\/\/www.facebook.com\/punchitgym\/","article_modified_time":"2025-09-23T06:52:22+00:00","og_image":[{"width":1920,"height":400,"url":"https:\/\/punchitgym.com\/wp-content\/uploads\/2023\/07\/Book-your-private-muay-thai-lessons-header.jpg","type":"image\/jpeg"}],"twitter_card":"summary_large_image","twitter_title":"Buche deinen privaten Muay Thai-Unterricht auf Koh Samui","twitter_description":"Sie k\u00f6nnen Muay Thai Privatstunden von Sonntag bis Freitag von 10:00 bis 15:00 Uhr und Sonntag von 9:00 bis 18:00 Uhr buchen.","twitter_image":"https:\/\/punchitgym.com\/wp-content\/uploads\/2023\/07\/Book-your-private-muay-thai-lessons-header.jpg","twitter_site":"@punchitgym","twitter_misc":{"Gesch\u00e4tzte Lesezeit":"2\u00a0Minuten"},"schema":{"@context":"https:\/\/schema.org","@graph":[{"@type":"WebPage","@id":"https:\/\/punchitgym.com\/de\/buche-deinen-privaten-muay-thai-unterricht\/","url":"https:\/\/punchitgym.com\/de\/buche-deinen-privaten-muay-thai-unterricht\/","name":"Buche deinen privaten Muay Thai-Unterricht auf Koh Samui","isPartOf":{"@id":"https:\/\/punchitgym.com\/de\/#website"},"primaryImageOfPage":{"@id":"https:\/\/punchitgym.com\/de\/buche-deinen-privaten-muay-thai-unterricht\/#primaryimage"},"image":{"@id":"https:\/\/punchitgym.com\/de\/buche-deinen-privaten-muay-thai-unterricht\/#primaryimage"},"thumbnailUrl":"https:\/\/punchitgym.com\/wp-content\/uploads\/2023\/07\/Book-your-private-muay-thai-lessons-header.jpg","datePublished":"2021-12-12T02:07:37+00:00","dateModified":"2025-09-23T06:52:22+00:00","description":"Sie k\u00f6nnen Muay Thai Privatstunden von Sonntag bis Freitag von 10:00 bis 15:00 Uhr und Sonntag von 9:00 bis 18:00 Uhr buchen.","breadcrumb":{"@id":"https:\/\/punchitgym.com\/de\/buche-deinen-privaten-muay-thai-unterricht\/#breadcrumb"},"inLanguage":"de","potentialAction":[{"@type":"ReadAction","target":["https:\/\/punchitgym.com\/de\/buche-deinen-privaten-muay-thai-unterricht\/"]}]},{"@type":"ImageObject","inLanguage":"de","@id":"https:\/\/punchitgym.com\/de\/buche-deinen-privaten-muay-thai-unterricht\/#primaryimage","url":"https:\/\/punchitgym.com\/wp-content\/uploads\/2023\/07\/Book-your-private-muay-thai-lessons-header.jpg","contentUrl":"https:\/\/punchitgym.com\/wp-content\/uploads\/2023\/07\/Book-your-private-muay-thai-lessons-header.jpg","width":1920,"height":400,"caption":"Buchen Sie Ihren privaten Muay Thai Unterricht"},{"@type":"BreadcrumbList","@id":"https:\/\/punchitgym.com\/de\/buche-deinen-privaten-muay-thai-unterricht\/#breadcrumb","itemListElement":[{"@type":"ListItem","position":1,"name":"Home","item":"https:\/\/punchitgym.com\/de\/startseite\/"},{"@type":"ListItem","position":2,"name":"Buche deinen privaten Muay Thai-Unterricht"}]},{"@type":"WebSite","@id":"https:\/\/punchitgym.com\/de\/#website","url":"https:\/\/punchitgym.com\/de\/","name":"Punch it Muay Thai Gym Koh Samui","description":"Muay Thai Camp Thailand - Koh Samui - Lamai","potentialAction":[{"@type":"SearchAction","target":{"@type":"EntryPoint","urlTemplate":"https:\/\/punchitgym.com\/de\/?s={search_term_string}"},"query-input":{"@type":"PropertyValueSpecification","valueRequired":true,"valueName":"search_term_string"}}],"inLanguage":"de"}]}},"_links":{"self":[{"href":"https:\/\/punchitgym.com\/de\/wp-json\/wp\/v2\/pages\/16376","targetHints":{"allow":["GET"]}}],"collection":[{"href":"https:\/\/punchitgym.com\/de\/wp-json\/wp\/v2\/pages"}],"about":[{"href":"https:\/\/punchitgym.com\/de\/wp-json\/wp\/v2\/types\/page"}],"author":[{"embeddable":true,"href":"https:\/\/punchitgym.com\/de\/wp-json\/wp\/v2\/users\/6"}],"replies":[{"embeddable":true,"href":"https:\/\/punchitgym.com\/de\/wp-json\/wp\/v2\/comments?post=16376"}],"version-history":[{"count":10,"href":"https:\/\/punchitgym.com\/de\/wp-json\/wp\/v2\/pages\/16376\/revisions"}],"predecessor-version":[{"id":31684,"href":"https:\/\/punchitgym.com\/de\/wp-json\/wp\/v2\/pages\/16376\/revisions\/31684"}],"wp:featuredmedia":[{"embeddable":true,"href":"https:\/\/punchitgym.com\/de\/wp-json\/wp\/v2\/media\/29860"}],"wp:attachment":[{"href":"https:\/\/punchitgym.com\/de\/wp-json\/wp\/v2\/media?parent=16376"}],"curies":[{"name":"wp","href":"https:\/\/api.w.org\/{rel}","templated":true}]}}